{"id":1034,"date":"2013-10-18T21:12:38","date_gmt":"2013-10-18T19:12:38","guid":{"rendered":"http:\/\/www.iumkit.net\/portail\/?page_id=1034"},"modified":"2024-08-14T17:45:11","modified_gmt":"2024-08-14T16:45:11","slug":"deployment-ium-kit","status":"publish","type":"page","link":"https:\/\/www.iumkit.net\/portail\/deployment-ium-kit\/","title":{"rendered":"DIK Wizard (Deployment Ium Kit)"},"content":{"rendered":"<h1><img loading=\"lazy\" decoding=\"async\" class=\"alignnone wp-image-1590 aligncenter\" src=\"https:\/\/www.iumkit.net\/portail\/wp-content\/uploads\/2019\/09\/logo4.5.png\" alt=\"deployment ium kit logo 2020\" data-id=\"1590\" width=\"78\" height=\"75\"><\/h1>\n<h1 style=\"text-align: left;\">Configuration de Windows simplifi\u00e9e<\/h1>\n<p><img decoding=\"async\" style=\"border-width: 5px; border-style: solid; margin-left: 5px; margin-right: 5px; width: 350px; height: 256px; float: left;\" src=\"https:\/\/www.iumkit.net\/portail\/wp-content\/uploads\/2017\/03\/01-500x400.png\" alt=\"Deployment Ium Kit, une multitude d'options pour configurer Windows\">Avec DIK Wizard, vous avez une multitude d\u2019options qui s\u2019offrent \u00e0 vous.<\/p>\n<p>Vous pouvez configurer Windows, son explorateur, ses services, ses fonctionnalit\u00e9s et d\u00e9sinstaller les applications UWP (Modern Apps) de Windows 10 et Windows 11 en quelques clics ! Configurez plusieurs machines \u00e0 votre guise !<\/p>\n<p>Windows Ium Tweaker est compris dans DIK Wizard, celui-ci sert \u00e0 affiner les r\u00e9glages avanc\u00e9s de Windows.<\/p>\n<p>&nbsp;<\/p>\n<h1 style=\"text-align: left;\">Chocolatey : Gagner du temps avec les installations logicielles<\/h1>\n<p><img decoding=\"async\" style=\"border-width: 5px; border-style: solid; margin-left: 5px; margin-right: 5px; width: 350px; height: 256px; float: left;\" src=\"https:\/\/i.imgur.com\/MfWiHjy.png\" alt=\"Gagner du temps avec les installations silencieuses de Deployment Ium Kit\">Avec la prise en charge de Chocolatey, vous pouvez ajouter vos paquets\/logiciels favoris dans la liste !<\/p>\n<p>Pour cela il suffit de r\u00e9cup\u00e9rer la commande sur le site de Chocolatey.<\/p>\n<h1>&nbsp;<\/h1>\n<p>&nbsp;<\/p>\n<h1 style=\"text-align: left;\">Softs&rsquo;ium : Des outils indispensables<\/h1>\n<p><img decoding=\"async\" style=\"float: left; margin: 5px; width: 350px; height: 256px;\" src=\"https:\/\/i.imgur.com\/XIrDURT.png\" alt=\"Softs'Ium Update permet de mettre \u00e0 jour les logiciels\">Le Pack <strong>Softs&rsquo;ium<\/strong> est une suite d&rsquo;utilitaires portables. Cette suite est constitu\u00e9e d&rsquo;outils indispensables ou essentiels, avec notamment AeroAdmin, Autoruns, HwInfo et quelques autres comme <strong>Windows Ium Tweaker<\/strong>\u2026<\/p>\n<p>Ces outils sont maintenus \u00e0 jour avec <strong>Softs&rsquo;ium Update<\/strong><strong>.&nbsp;<\/strong><\/p>\n<p>L&rsquo;onglet Softs&rsquo;ium + permet d&rsquo;installer des paquets optionnels.<\/p>\n<p>&nbsp;<\/p>\n<p><strong>Softs&rsquo;ium Update r\u00e9alise aussi les mises \u00e0 jour de vos applications install\u00e9es sur votre PC \u00e0 l&rsquo;aide de <a href=\"https:\/\/i.imgur.com\/GuRroXy.png\">Winget<\/a> ou <a href=\"https:\/\/i.imgur.com\/xayah3z.png\">Chocolatey<\/a> !<br \/>\n<span style=\"color: #000080;\">Ne perdez plus de temps avec les mises \u00e0 jour de ces logiciels. Softs\u2019ium Update s\u2019occupe de tout !<br \/>\nIl est m\u00eame possible de r\u00e9aliser des mises \u00e0 jour automatique quotidiennement \ud83d\ude42<br \/>\n<\/span><\/strong><\/p>\n<p>&nbsp;<\/p>\n<p>&nbsp;<\/p>\n<!-- index.php -->\n<div\n\tclass=\"ngg-galleryoverview ngg-ajax-pagination-none\"\n\tid=\"ngg-gallery-8666c52556901b4e4c5faaad00383b14-1\">\n\n    \t\t<!-- Thumbnails -->\n\t\t\t\t<div id=\"ngg-image-0\" class=\"ngg-gallery-thumbnail-box\" >\n\t\t\t\t        <div class=\"ngg-gallery-thumbnail\">\n            <a href=\"https:\/\/www.iumkit.net\/portail\/wp-content\/gallery\/deployment-ium-kit\/DIK_1Home.png\"\n               title=\"\"\n               data-src=\"https:\/\/www.iumkit.net\/portail\/wp-content\/gallery\/deployment-ium-kit\/DIK_1Home.png\"\n               data-thumbnail=\"https:\/\/www.iumkit.net\/portail\/wp-content\/gallery\/deployment-ium-kit\/thumbs\/thumbs_DIK_1Home.png\"\n               data-image-id=\"11\"\n               data-title=\"Accueil\"\n               data-description=\"\"\n               data-image-slug=\"dik_1home\"\n               class=\"ngg-simplelightbox\" rel=\"8666c52556901b4e4c5faaad00383b14\">\n                <img\n                    title=\"Accueil\"\n                    alt=\"Accueil\"\n                    src=\"https:\/\/www.iumkit.net\/portail\/wp-content\/gallery\/deployment-ium-kit\/thumbs\/thumbs_DIK_1Home.png\"\n                    width=\"240\"\n                    height=\"160\"\n                    style=\"max-width:100%;\"\n                \/>\n            <\/a>\n        <\/div>\n\t\t\t\t\t\t\t<\/div> \n\t\t\t\n        \n\t\t\t\t<div id=\"ngg-image-1\" class=\"ngg-gallery-thumbnail-box\" >\n\t\t\t\t        <div class=\"ngg-gallery-thumbnail\">\n            <a href=\"https:\/\/www.iumkit.net\/portail\/wp-content\/gallery\/deployment-ium-kit\/DIK_2fonctions.png\"\n               title=\"\"\n               data-src=\"https:\/\/www.iumkit.net\/portail\/wp-content\/gallery\/deployment-ium-kit\/DIK_2fonctions.png\"\n               data-thumbnail=\"https:\/\/www.iumkit.net\/portail\/wp-content\/gallery\/deployment-ium-kit\/thumbs\/thumbs_DIK_2fonctions.png\"\n               data-image-id=\"12\"\n               data-title=\"Fonctions\"\n               data-description=\"\"\n               data-image-slug=\"dik_2fonctions\"\n               class=\"ngg-simplelightbox\" rel=\"8666c52556901b4e4c5faaad00383b14\">\n                <img\n                    title=\"Fonctions\"\n                    alt=\"Fonctions\"\n                    src=\"https:\/\/www.iumkit.net\/portail\/wp-content\/gallery\/deployment-ium-kit\/thumbs\/thumbs_DIK_2fonctions.png\"\n                    width=\"240\"\n                    height=\"160\"\n                    style=\"max-width:100%;\"\n                \/>\n            <\/a>\n        <\/div>\n\t\t\t\t\t\t\t<\/div> \n\t\t\t\n        \n\t\t\t\t<div id=\"ngg-image-2\" class=\"ngg-gallery-thumbnail-box\" >\n\t\t\t\t        <div class=\"ngg-gallery-thumbnail\">\n            <a href=\"https:\/\/www.iumkit.net\/portail\/wp-content\/gallery\/deployment-ium-kit\/DIK_3autres.png\"\n               title=\"\"\n               data-src=\"https:\/\/www.iumkit.net\/portail\/wp-content\/gallery\/deployment-ium-kit\/DIK_3autres.png\"\n               data-thumbnail=\"https:\/\/www.iumkit.net\/portail\/wp-content\/gallery\/deployment-ium-kit\/thumbs\/thumbs_DIK_3autres.png\"\n               data-image-id=\"13\"\n               data-title=\"Autres\"\n               data-description=\"\"\n               data-image-slug=\"dik_3autres\"\n               class=\"ngg-simplelightbox\" rel=\"8666c52556901b4e4c5faaad00383b14\">\n                <img\n                    title=\"Autres\"\n                    alt=\"Autres\"\n                    src=\"https:\/\/www.iumkit.net\/portail\/wp-content\/gallery\/deployment-ium-kit\/thumbs\/thumbs_DIK_3autres.png\"\n                    width=\"240\"\n                    height=\"160\"\n                    style=\"max-width:100%;\"\n                \/>\n            <\/a>\n        <\/div>\n\t\t\t\t\t\t\t<\/div> \n\t\t\t\n        \n\t\t\t\t<div id=\"ngg-image-3\" class=\"ngg-gallery-thumbnail-box\" >\n\t\t\t\t        <div class=\"ngg-gallery-thumbnail\">\n            <a href=\"https:\/\/www.iumkit.net\/portail\/wp-content\/gallery\/deployment-ium-kit\/DIK_4-Chocolatey.png\"\n               title=\"\"\n               data-src=\"https:\/\/www.iumkit.net\/portail\/wp-content\/gallery\/deployment-ium-kit\/DIK_4-Chocolatey.png\"\n               data-thumbnail=\"https:\/\/www.iumkit.net\/portail\/wp-content\/gallery\/deployment-ium-kit\/thumbs\/thumbs_DIK_4-Chocolatey.png\"\n               data-image-id=\"14\"\n               data-title=\"Chocolatey\"\n               data-description=\"\"\n               data-image-slug=\"dik_4-chocolatey\"\n               class=\"ngg-simplelightbox\" rel=\"8666c52556901b4e4c5faaad00383b14\">\n                <img\n                    title=\"Chocolatey\"\n                    alt=\"Chocolatey\"\n                    src=\"https:\/\/www.iumkit.net\/portail\/wp-content\/gallery\/deployment-ium-kit\/thumbs\/thumbs_DIK_4-Chocolatey.png\"\n                    width=\"240\"\n                    height=\"160\"\n                    style=\"max-width:100%;\"\n                \/>\n            <\/a>\n        <\/div>\n\t\t\t\t\t\t\t<\/div> \n\t\t\t\n        \n\t\t\t\t<div id=\"ngg-image-4\" class=\"ngg-gallery-thumbnail-box\" >\n\t\t\t\t        <div class=\"ngg-gallery-thumbnail\">\n            <a href=\"https:\/\/www.iumkit.net\/portail\/wp-content\/gallery\/deployment-ium-kit\/DIK_5-UWP-apps.png\"\n               title=\"\"\n               data-src=\"https:\/\/www.iumkit.net\/portail\/wp-content\/gallery\/deployment-ium-kit\/DIK_5-UWP-apps.png\"\n               data-thumbnail=\"https:\/\/www.iumkit.net\/portail\/wp-content\/gallery\/deployment-ium-kit\/thumbs\/thumbs_DIK_5-UWP-apps.png\"\n               data-image-id=\"15\"\n               data-title=\"UWP Apps\"\n               data-description=\"\"\n               data-image-slug=\"dik_5-uwp-apps\"\n               class=\"ngg-simplelightbox\" rel=\"8666c52556901b4e4c5faaad00383b14\">\n                <img\n                    title=\"UWP Apps\"\n                    alt=\"UWP Apps\"\n                    src=\"https:\/\/www.iumkit.net\/portail\/wp-content\/gallery\/deployment-ium-kit\/thumbs\/thumbs_DIK_5-UWP-apps.png\"\n                    width=\"240\"\n                    height=\"160\"\n                    style=\"max-width:100%;\"\n                \/>\n            <\/a>\n        <\/div>\n\t\t\t\t\t\t\t<\/div> \n\t\t\t\n        \n\t\t\n\t\t<!-- Pagination -->\n\t<div class='ngg-clear'><\/div>\t<\/div>\n\n<p style=\"text-align: center;\"><span style=\"font-size: 20px;\"><a href=\"https:\/\/www.iumkit.net\/portail\/deployment-ium-kit\/telechargement-ium\/telecharger-deployment-ium-kit\/\">T\u00e9l\u00e9charger<\/a><\/span><\/p>\n<p style=\"text-align: center;\"><span style=\"font-size: 18px;\">Ils en parlent :<br \/>\n<\/span><\/p>\n<p style=\"text-align: center;\"><span style=\"font-size: 18px;\"><img loading=\"lazy\" decoding=\"async\" style=\"width: 136px; height: 52px;\" src=\"https:\/\/i.imgur.com\/L51vXtF.png\" alt=\"Comment \u00e7a marche ?\" class=\"alignnone\" width=\"151\" height=\"56\"><\/span><\/p>\n","protected":false},"excerpt":{"rendered":"<p>Configuration de Windows simplifi\u00e9e Avec DIK Wizard, vous avez une multitude d\u2019options qui s\u2019offrent \u00e0 vous. Vous pouvez configurer Windows, son explorateur, ses services, ses fonctionnalit\u00e9s et d\u00e9sinstaller les applications UWP (Modern Apps) de Windows 10 et Windows 11 en quelques clics ! Configurez plusieurs machines \u00e0 votre guise ! [&hellip;]<\/p>\n","protected":false},"author":1,"featured_media":0,"parent":0,"menu_order":2,"comment_status":"closed","ping_status":"open","template":"","meta":{"ngg_post_thumbnail":0,"footnotes":""},"class_list":["post-1034","page","type-page","status-publish","hentry"],"yoast_head":"<!-- This site is optimized with the Yoast SEO plugin v26.7 - https:\/\/yoast.com\/wordpress\/plugins\/seo\/ -->\n<title>DIK Wizard (Deployment Ium Kit) &#8226; IumKit.net<\/title>\n<meta name=\"description\" content=\"Avec Deployment Ium Kit vous pouvez configurer Windows rapidement. Gagner du temps avec les installations logicielles avec des installations silencieuses.\" \/>\n<meta name=\"robots\" content=\"index, follow, max-snippet:-1, max-image-preview:large, max-video-preview:-1\" \/>\n<link rel=\"canonical\" href=\"https:\/\/www.iumkit.net\/portail\/deployment-ium-kit\/\" \/>\n<meta property=\"og:locale\" content=\"fr_FR\" \/>\n<meta property=\"og:type\" content=\"article\" \/>\n<meta property=\"og:title\" content=\"DIK Wizard (Deployment Ium Kit) &#8226; IumKit.net\" \/>\n<meta property=\"og:description\" content=\"Avec Deployment Ium Kit vous pouvez configurer Windows rapidement. Gagner du temps avec les installations logicielles avec des installations silencieuses.\" \/>\n<meta property=\"og:url\" content=\"https:\/\/www.iumkit.net\/portail\/deployment-ium-kit\/\" \/>\n<meta property=\"og:site_name\" content=\"IumKit.net\" \/>\n<meta property=\"article:modified_time\" content=\"2024-08-14T16:45:11+00:00\" \/>\n<meta property=\"og:image\" content=\"http:\/\/www.iumkit.net\/portail\/wp-content\/uploads\/2019\/09\/logo4.5.png\" \/>\n<meta name=\"twitter:card\" content=\"summary_large_image\" \/>\n<meta name=\"twitter:label1\" content=\"Dur\u00e9e de lecture estim\u00e9e\" \/>\n\t<meta name=\"twitter:data1\" content=\"3 minutes\" \/>\n<script type=\"application\/ld+json\" class=\"yoast-schema-graph\">{\"@context\":\"https:\/\/schema.org\",\"@graph\":[{\"@type\":\"WebPage\",\"@id\":\"https:\/\/www.iumkit.net\/portail\/deployment-ium-kit\/\",\"url\":\"https:\/\/www.iumkit.net\/portail\/deployment-ium-kit\/\",\"name\":\"DIK Wizard (Deployment Ium Kit) &#8226; IumKit.net\",\"isPartOf\":{\"@id\":\"https:\/\/www.iumkit.net\/portail\/#website\"},\"primaryImageOfPage\":{\"@id\":\"https:\/\/www.iumkit.net\/portail\/deployment-ium-kit\/#primaryimage\"},\"image\":{\"@id\":\"https:\/\/www.iumkit.net\/portail\/deployment-ium-kit\/#primaryimage\"},\"thumbnailUrl\":\"http:\/\/www.iumkit.net\/portail\/wp-content\/uploads\/2019\/09\/logo4.5.png\",\"datePublished\":\"2013-10-18T19:12:38+00:00\",\"dateModified\":\"2024-08-14T16:45:11+00:00\",\"description\":\"Avec Deployment Ium Kit vous pouvez configurer Windows rapidement. Gagner du temps avec les installations logicielles avec des installations silencieuses.\",\"breadcrumb\":{\"@id\":\"https:\/\/www.iumkit.net\/portail\/deployment-ium-kit\/#breadcrumb\"},\"inLanguage\":\"fr-FR\",\"potentialAction\":[{\"@type\":\"ReadAction\",\"target\":[\"https:\/\/www.iumkit.net\/portail\/deployment-ium-kit\/\"]}]},{\"@type\":\"ImageObject\",\"inLanguage\":\"fr-FR\",\"@id\":\"https:\/\/www.iumkit.net\/portail\/deployment-ium-kit\/#primaryimage\",\"url\":\"http:\/\/www.iumkit.net\/portail\/wp-content\/uploads\/2019\/09\/logo4.5.png\",\"contentUrl\":\"http:\/\/www.iumkit.net\/portail\/wp-content\/uploads\/2019\/09\/logo4.5.png\"},{\"@type\":\"BreadcrumbList\",\"@id\":\"https:\/\/www.iumkit.net\/portail\/deployment-ium-kit\/#breadcrumb\",\"itemListElement\":[{\"@type\":\"ListItem\",\"position\":1,\"name\":\"Accueil\",\"item\":\"https:\/\/www.iumkit.net\/portail\/\"},{\"@type\":\"ListItem\",\"position\":2,\"name\":\"DIK Wizard (Deployment Ium Kit)\"}]},{\"@type\":\"WebSite\",\"@id\":\"https:\/\/www.iumkit.net\/portail\/#website\",\"url\":\"https:\/\/www.iumkit.net\/portail\/\",\"name\":\"IumKit.net\",\"description\":\"Simplifiez-vous Windows\",\"publisher\":{\"@id\":\"https:\/\/www.iumkit.net\/portail\/#organization\"},\"potentialAction\":[{\"@type\":\"SearchAction\",\"target\":{\"@type\":\"EntryPoint\",\"urlTemplate\":\"https:\/\/www.iumkit.net\/portail\/?s={search_term_string}\"},\"query-input\":{\"@type\":\"PropertyValueSpecification\",\"valueRequired\":true,\"valueName\":\"search_term_string\"}}],\"inLanguage\":\"fr-FR\"},{\"@type\":\"Organization\",\"@id\":\"https:\/\/www.iumkit.net\/portail\/#organization\",\"name\":\"iumKit\",\"url\":\"https:\/\/www.iumkit.net\/portail\/\",\"logo\":{\"@type\":\"ImageObject\",\"inLanguage\":\"fr-FR\",\"@id\":\"https:\/\/www.iumkit.net\/portail\/#\/schema\/logo\/image\/\",\"url\":\"https:\/\/www.iumkit.net\/portail\/wp-content\/uploads\/2017\/03\/logo-iumkit-1.png\",\"contentUrl\":\"https:\/\/www.iumkit.net\/portail\/wp-content\/uploads\/2017\/03\/logo-iumkit-1.png\",\"width\":287,\"height\":83,\"caption\":\"iumKit\"},\"image\":{\"@id\":\"https:\/\/www.iumkit.net\/portail\/#\/schema\/logo\/image\/\"},\"sameAs\":[\"https:\/\/www.youtube.com\/user\/iumkitwindows\"]}]}<\/script>\n<!-- \/ Yoast SEO plugin. -->","yoast_head_json":{"title":"DIK Wizard (Deployment Ium Kit) &#8226; IumKit.net","description":"Avec Deployment Ium Kit vous pouvez configurer Windows rapidement. Gagner du temps avec les installations logicielles avec des installations silencieuses.","robots":{"index":"index","follow":"follow","max-snippet":"max-snippet:-1","max-image-preview":"max-image-preview:large","max-video-preview":"max-video-preview:-1"},"canonical":"https:\/\/www.iumkit.net\/portail\/deployment-ium-kit\/","og_locale":"fr_FR","og_type":"article","og_title":"DIK Wizard (Deployment Ium Kit) &#8226; IumKit.net","og_description":"Avec Deployment Ium Kit vous pouvez configurer Windows rapidement. Gagner du temps avec les installations logicielles avec des installations silencieuses.","og_url":"https:\/\/www.iumkit.net\/portail\/deployment-ium-kit\/","og_site_name":"IumKit.net","article_modified_time":"2024-08-14T16:45:11+00:00","og_image":[{"url":"http:\/\/www.iumkit.net\/portail\/wp-content\/uploads\/2019\/09\/logo4.5.png","type":"","width":"","height":""}],"twitter_card":"summary_large_image","twitter_misc":{"Dur\u00e9e de lecture estim\u00e9e":"3 minutes"},"schema":{"@context":"https:\/\/schema.org","@graph":[{"@type":"WebPage","@id":"https:\/\/www.iumkit.net\/portail\/deployment-ium-kit\/","url":"https:\/\/www.iumkit.net\/portail\/deployment-ium-kit\/","name":"DIK Wizard (Deployment Ium Kit) &#8226; IumKit.net","isPartOf":{"@id":"https:\/\/www.iumkit.net\/portail\/#website"},"primaryImageOfPage":{"@id":"https:\/\/www.iumkit.net\/portail\/deployment-ium-kit\/#primaryimage"},"image":{"@id":"https:\/\/www.iumkit.net\/portail\/deployment-ium-kit\/#primaryimage"},"thumbnailUrl":"http:\/\/www.iumkit.net\/portail\/wp-content\/uploads\/2019\/09\/logo4.5.png","datePublished":"2013-10-18T19:12:38+00:00","dateModified":"2024-08-14T16:45:11+00:00","description":"Avec Deployment Ium Kit vous pouvez configurer Windows rapidement. Gagner du temps avec les installations logicielles avec des installations silencieuses.","breadcrumb":{"@id":"https:\/\/www.iumkit.net\/portail\/deployment-ium-kit\/#breadcrumb"},"inLanguage":"fr-FR","potentialAction":[{"@type":"ReadAction","target":["https:\/\/www.iumkit.net\/portail\/deployment-ium-kit\/"]}]},{"@type":"ImageObject","inLanguage":"fr-FR","@id":"https:\/\/www.iumkit.net\/portail\/deployment-ium-kit\/#primaryimage","url":"http:\/\/www.iumkit.net\/portail\/wp-content\/uploads\/2019\/09\/logo4.5.png","contentUrl":"http:\/\/www.iumkit.net\/portail\/wp-content\/uploads\/2019\/09\/logo4.5.png"},{"@type":"BreadcrumbList","@id":"https:\/\/www.iumkit.net\/portail\/deployment-ium-kit\/#breadcrumb","itemListElement":[{"@type":"ListItem","position":1,"name":"Accueil","item":"https:\/\/www.iumkit.net\/portail\/"},{"@type":"ListItem","position":2,"name":"DIK Wizard (Deployment Ium Kit)"}]},{"@type":"WebSite","@id":"https:\/\/www.iumkit.net\/portail\/#website","url":"https:\/\/www.iumkit.net\/portail\/","name":"IumKit.net","description":"Simplifiez-vous Windows","publisher":{"@id":"https:\/\/www.iumkit.net\/portail\/#organization"},"potentialAction":[{"@type":"SearchAction","target":{"@type":"EntryPoint","urlTemplate":"https:\/\/www.iumkit.net\/portail\/?s={search_term_string}"},"query-input":{"@type":"PropertyValueSpecification","valueRequired":true,"valueName":"search_term_string"}}],"inLanguage":"fr-FR"},{"@type":"Organization","@id":"https:\/\/www.iumkit.net\/portail\/#organization","name":"iumKit","url":"https:\/\/www.iumkit.net\/portail\/","logo":{"@type":"ImageObject","inLanguage":"fr-FR","@id":"https:\/\/www.iumkit.net\/portail\/#\/schema\/logo\/image\/","url":"https:\/\/www.iumkit.net\/portail\/wp-content\/uploads\/2017\/03\/logo-iumkit-1.png","contentUrl":"https:\/\/www.iumkit.net\/portail\/wp-content\/uploads\/2017\/03\/logo-iumkit-1.png","width":287,"height":83,"caption":"iumKit"},"image":{"@id":"https:\/\/www.iumkit.net\/portail\/#\/schema\/logo\/image\/"},"sameAs":["https:\/\/www.youtube.com\/user\/iumkitwindows"]}]}},"_links":{"self":[{"href":"https:\/\/www.iumkit.net\/portail\/wp-json\/wp\/v2\/pages\/1034","targetHints":{"allow":["GET"]}}],"collection":[{"href":"https:\/\/www.iumkit.net\/portail\/wp-json\/wp\/v2\/pages"}],"about":[{"href":"https:\/\/www.iumkit.net\/portail\/wp-json\/wp\/v2\/types\/page"}],"author":[{"embeddable":true,"href":"https:\/\/www.iumkit.net\/portail\/wp-json\/wp\/v2\/users\/1"}],"replies":[{"embeddable":true,"href":"https:\/\/www.iumkit.net\/portail\/wp-json\/wp\/v2\/comments?post=1034"}],"version-history":[{"count":5,"href":"https:\/\/www.iumkit.net\/portail\/wp-json\/wp\/v2\/pages\/1034\/revisions"}],"predecessor-version":[{"id":2097,"href":"https:\/\/www.iumkit.net\/portail\/wp-json\/wp\/v2\/pages\/1034\/revisions\/2097"}],"wp:attachment":[{"href":"https:\/\/www.iumkit.net\/portail\/wp-json\/wp\/v2\/media?parent=1034"}],"curies":[{"name":"wp","href":"https:\/\/api.w.org\/{rel}","templated":true}]}}