{"id":1193,"date":"2016-01-14T20:50:47","date_gmt":"2016-01-14T19:50:47","guid":{"rendered":"http:\/\/www.iumkit.net\/portail\/?page_id=1193"},"modified":"2017-03-31T17:04:12","modified_gmt":"2017-03-31T16:04:12","slug":"reparer-bootloader-uefi-windows-8-10","status":"publish","type":"page","link":"https:\/\/www.iumkit.net\/portail\/depannium-classique-iso\/tutoriel-reparation-bcd\/reparer-bootloader-uefi-windows-8-10\/","title":{"rendered":"R\u00e9parer BCD UEFI Windows"},"content":{"rendered":"<h1>\n\t<strong>Erreur BCD : 0xc0000034 ; 0xc000000f &#8230;<\/strong><br \/>\n<\/h1>\n<p>\n\t<img decoding=\"async\" alt=\"0xc0000034, bcd recovery, error bcd\" src=\"http:\/\/image.noelshack.com\/fichiers\/2016\/02\/1452807849-bcd-error.png\" style=\"width: 496px; height: 390px;\" \/>\n<\/p>\n<p>\n\t<span style=\"font-size:16px;\"><span style=\"color: rgb(0, 0, 128);\">Pr&eacute;-requis<\/span><\/span>\n<\/p>\n<ul>\n<li>\n\t\tWindows 8, 10 qui ne d&eacute;marre plus, install&eacute; en UEFI\n\t<\/li>\n<li>\n\t\tSupport d&eacute;marrage WinPE (IumPE dans D&eacute;pann&#39;Ium&#8230;)\n\t<\/li>\n<\/ul>\n<p>\n\tLe chargeur de d&eacute;marrage de Windows (BCD) en mode UEFI &nbsp;dans Windows 8 et sup&eacute;rieurs est sur un volume cach&eacute; EFI s&eacute;par&eacute; (100 Mo, syst&egrave;me de fichiers FAT32).\n<\/p>\n<p>\n\t<span title=\"Bcdedit can not see it and, therefore, manage the loader configuration on it.\">Bcdedit ne peut pas le voir et, par cons&eacute;quent, les commandes classiques (bootrec \/ rebuildbcd) ne fonctionnent pas avec des erreurs &laquo;&nbsp;P&eacute;riph&eacute;rique introuvable&nbsp;&raquo; ou autre.<\/span>\n<\/p>\n<p>\n\t<span title=\"Bcdedit can not see it and, therefore, manage the loader configuration on it.\">D&eacute;marrez un WinPE (support d&rsquo;installation Windows&hellip;) avec acc&egrave;s au terminal Windows (<strong>Invite de commandes<\/strong><\/span>), Shift+F10. Ou avec IumPE (conseill&eacute;), un raccourci &laquo;&nbsp;Invite de commande&nbsp;&raquo; est disponible sur le bureau.\n<\/p>\n<p>\n\t<span title=\"Bcdedit can not see it and, therefore, manage the loader configuration on it.\">Tapez&nbsp;:<\/span>\n<\/p>\n<pre>\r\n<em>diskpart<\/em><\/pre>\n<pre>\r\n<em>list disk<\/em><\/pre>\n<pre>\r\n<em>sel disk <strong>*<\/strong> ( * correspond au num&eacute;ro de disque ou est install&eacute; Windows, g&eacute;n&eacute;ralement&nbsp;&laquo; 0&nbsp;&raquo;)<\/em><\/pre>\n<pre>\r\n<em>list vol <\/em><\/pre>\n<p>\n\t&nbsp;\n<\/p>\n<p>\n\t<img decoding=\"async\" alt=\"repair bcd diskpart\" src=\"http:\/\/image.noelshack.com\/fichiers\/2016\/02\/1452808033-diskpart.png\" style=\"width: 680px; height: 395px;\" \/>\n<\/p>\n<pre>\r\n<em>select volume <strong>*<\/strong> ( * correspond au num&eacute;ro de la partition FAT32 de 100 MO, a adapter selon votre syst&egrave;me ! dans la capture&nbsp;: &laquo;&nbsp;3&nbsp;&raquo;)<\/em> \r\n<\/pre>\n<pre>\r\n<em>assign letter K:<\/em><\/pre>\n<pre>\r\n<em>exit<\/em><\/pre>\n<p>\n\t&nbsp;\n<\/p>\n<p>\n\tToujours dans l&rsquo;invite de commande&nbsp;:\n<\/p>\n<p>\n\tAllez dans le r&eacute;pertoire du bootloader dans le volume cach&eacute;\n<\/p>\n<pre>\r\n<em>cd \/d k:\\efi\\microsoft\\boot\\<\/em><\/pre>\n<p>\n\tRecr&eacute;ez le secteur de boot sur la partition de d&eacute;marrage\n<\/p>\n<pre>\r\n<em>bootrec \/fixboot<\/em><\/pre>\n<p>\n\tD&eacute;sactivez le fichier actuel de la configuration BCD en le renommant\n<\/p>\n<pre>\r\n<em>ren BCD BCD.bak<\/em><\/pre>\n<p>\n\tCr&eacute;ez &agrave; nouveau un chargeur BCD en copiant les fichiers de d&eacute;marrage &agrave; partir du r&eacute;pertoire du syst&egrave;me\n<\/p>\n<pre>\r\n<em>bcdboot C:\\Windows \/l fr-fr \/s k: \/f ALL<\/em><\/pre>\n<p>\n\t&nbsp;\n<\/p>\n<p>\n\tRed&eacute;marrez l&rsquo;ordinateur \ud83d\ude42\n<\/p>\n<p>\n\t<a href=\"http:\/\/woshub.com\/how-to-repair-uefi-bootloader-in-windows-8\/\">Source<\/a><\/p>\n","protected":false},"excerpt":{"rendered":"<p>Erreur BCD : 0xc0000034 ; 0xc000000f &#8230; Pr&eacute;-requis Windows 8, 10 qui ne d&eacute;marre plus, install&eacute; en UEFI Support d&eacute;marrage WinPE (IumPE dans D&eacute;pann&#39;Ium&#8230;) Le chargeur de d&eacute;marrage de Windows (BCD) en mode UEFI &nbsp;dans Windows 8 et sup&eacute;rieurs est sur un volume cach&eacute; EFI s&eacute;par&eacute; (100 Mo, syst&egrave;me de [&hellip;]<\/p>\n","protected":false},"author":1,"featured_media":0,"parent":1189,"menu_order":0,"comment_status":"closed","ping_status":"closed","template":"","meta":{"ngg_post_thumbnail":0,"footnotes":""},"class_list":["post-1193","page","type-page","status-publish","hentry"],"yoast_head":"<!-- This site is optimized with the Yoast SEO plugin v26.7 - https:\/\/yoast.com\/wordpress\/plugins\/seo\/ -->\n<title>R\u00e9parer BCD UEFI Windows &#8226; IumKit.net<\/title>\n<meta name=\"description\" content=\"R\u00e9parer les erreurs BCD de Windows 8 ou Windows 10 install\u00e9 en UEFI (0xc0000034 ...)\" \/>\n<meta name=\"robots\" content=\"index, follow, max-snippet:-1, max-image-preview:large, max-video-preview:-1\" \/>\n<link rel=\"canonical\" href=\"https:\/\/www.iumkit.net\/portail\/depannium-classique-iso\/tutoriel-reparation-bcd\/reparer-bootloader-uefi-windows-8-10\/\" \/>\n<meta property=\"og:locale\" content=\"fr_FR\" \/>\n<meta property=\"og:type\" content=\"article\" \/>\n<meta property=\"og:title\" content=\"R\u00e9parer BCD UEFI Windows &#8226; IumKit.net\" \/>\n<meta property=\"og:description\" content=\"R\u00e9parer les erreurs BCD de Windows 8 ou Windows 10 install\u00e9 en UEFI (0xc0000034 ...)\" \/>\n<meta property=\"og:url\" content=\"https:\/\/www.iumkit.net\/portail\/depannium-classique-iso\/tutoriel-reparation-bcd\/reparer-bootloader-uefi-windows-8-10\/\" \/>\n<meta property=\"og:site_name\" content=\"IumKit.net\" \/>\n<meta property=\"article:modified_time\" content=\"2017-03-31T16:04:12+00:00\" \/>\n<meta property=\"og:image\" content=\"http:\/\/image.noelshack.com\/fichiers\/2016\/02\/1452807849-bcd-error.png\" \/>\n<meta name=\"twitter:card\" content=\"summary_large_image\" \/>\n<meta name=\"twitter:label1\" content=\"Dur\u00e9e de lecture estim\u00e9e\" \/>\n\t<meta name=\"twitter:data1\" content=\"2 minutes\" \/>\n<script type=\"application\/ld+json\" class=\"yoast-schema-graph\">{\"@context\":\"https:\/\/schema.org\",\"@graph\":[{\"@type\":\"WebPage\",\"@id\":\"https:\/\/www.iumkit.net\/portail\/depannium-classique-iso\/tutoriel-reparation-bcd\/reparer-bootloader-uefi-windows-8-10\/\",\"url\":\"https:\/\/www.iumkit.net\/portail\/depannium-classique-iso\/tutoriel-reparation-bcd\/reparer-bootloader-uefi-windows-8-10\/\",\"name\":\"R\u00e9parer BCD UEFI Windows &#8226; IumKit.net\",\"isPartOf\":{\"@id\":\"https:\/\/www.iumkit.net\/portail\/#website\"},\"primaryImageOfPage\":{\"@id\":\"https:\/\/www.iumkit.net\/portail\/depannium-classique-iso\/tutoriel-reparation-bcd\/reparer-bootloader-uefi-windows-8-10\/#primaryimage\"},\"image\":{\"@id\":\"https:\/\/www.iumkit.net\/portail\/depannium-classique-iso\/tutoriel-reparation-bcd\/reparer-bootloader-uefi-windows-8-10\/#primaryimage\"},\"thumbnailUrl\":\"http:\/\/image.noelshack.com\/fichiers\/2016\/02\/1452807849-bcd-error.png\",\"datePublished\":\"2016-01-14T19:50:47+00:00\",\"dateModified\":\"2017-03-31T16:04:12+00:00\",\"description\":\"R\u00e9parer les erreurs BCD de Windows 8 ou Windows 10 install\u00e9 en UEFI (0xc0000034 ...)\",\"breadcrumb\":{\"@id\":\"https:\/\/www.iumkit.net\/portail\/depannium-classique-iso\/tutoriel-reparation-bcd\/reparer-bootloader-uefi-windows-8-10\/#breadcrumb\"},\"inLanguage\":\"fr-FR\",\"potentialAction\":[{\"@type\":\"ReadAction\",\"target\":[\"https:\/\/www.iumkit.net\/portail\/depannium-classique-iso\/tutoriel-reparation-bcd\/reparer-bootloader-uefi-windows-8-10\/\"]}]},{\"@type\":\"ImageObject\",\"inLanguage\":\"fr-FR\",\"@id\":\"https:\/\/www.iumkit.net\/portail\/depannium-classique-iso\/tutoriel-reparation-bcd\/reparer-bootloader-uefi-windows-8-10\/#primaryimage\",\"url\":\"http:\/\/image.noelshack.com\/fichiers\/2016\/02\/1452807849-bcd-error.png\",\"contentUrl\":\"http:\/\/image.noelshack.com\/fichiers\/2016\/02\/1452807849-bcd-error.png\"},{\"@type\":\"BreadcrumbList\",\"@id\":\"https:\/\/www.iumkit.net\/portail\/depannium-classique-iso\/tutoriel-reparation-bcd\/reparer-bootloader-uefi-windows-8-10\/#breadcrumb\",\"itemListElement\":[{\"@type\":\"ListItem\",\"position\":1,\"name\":\"Accueil\",\"item\":\"https:\/\/www.iumkit.net\/portail\/\"},{\"@type\":\"ListItem\",\"position\":2,\"name\":\"Depannium Classique [iso]\",\"item\":\"https:\/\/www.iumkit.net\/portail\/depannium-classique-iso\/\"},{\"@type\":\"ListItem\",\"position\":3,\"name\":\"Tutoriels\",\"item\":\"https:\/\/www.iumkit.net\/portail\/depannium-classique-iso\/tutoriel-reparation-bcd\/\"},{\"@type\":\"ListItem\",\"position\":4,\"name\":\"R\u00e9parer BCD UEFI Windows\"}]},{\"@type\":\"WebSite\",\"@id\":\"https:\/\/www.iumkit.net\/portail\/#website\",\"url\":\"https:\/\/www.iumkit.net\/portail\/\",\"name\":\"IumKit.net\",\"description\":\"Simplifiez-vous Windows\",\"publisher\":{\"@id\":\"https:\/\/www.iumkit.net\/portail\/#organization\"},\"potentialAction\":[{\"@type\":\"SearchAction\",\"target\":{\"@type\":\"EntryPoint\",\"urlTemplate\":\"https:\/\/www.iumkit.net\/portail\/?s={search_term_string}\"},\"query-input\":{\"@type\":\"PropertyValueSpecification\",\"valueRequired\":true,\"valueName\":\"search_term_string\"}}],\"inLanguage\":\"fr-FR\"},{\"@type\":\"Organization\",\"@id\":\"https:\/\/www.iumkit.net\/portail\/#organization\",\"name\":\"iumKit\",\"url\":\"https:\/\/www.iumkit.net\/portail\/\",\"logo\":{\"@type\":\"ImageObject\",\"inLanguage\":\"fr-FR\",\"@id\":\"https:\/\/www.iumkit.net\/portail\/#\/schema\/logo\/image\/\",\"url\":\"https:\/\/www.iumkit.net\/portail\/wp-content\/uploads\/2017\/03\/logo-iumkit-1.png\",\"contentUrl\":\"https:\/\/www.iumkit.net\/portail\/wp-content\/uploads\/2017\/03\/logo-iumkit-1.png\",\"width\":287,\"height\":83,\"caption\":\"iumKit\"},\"image\":{\"@id\":\"https:\/\/www.iumkit.net\/portail\/#\/schema\/logo\/image\/\"},\"sameAs\":[\"https:\/\/www.youtube.com\/user\/iumkitwindows\"]}]}<\/script>\n<!-- \/ Yoast SEO plugin. -->","yoast_head_json":{"title":"R\u00e9parer BCD UEFI Windows &#8226; IumKit.net","description":"R\u00e9parer les erreurs BCD de Windows 8 ou Windows 10 install\u00e9 en UEFI (0xc0000034 ...)","robots":{"index":"index","follow":"follow","max-snippet":"max-snippet:-1","max-image-preview":"max-image-preview:large","max-video-preview":"max-video-preview:-1"},"canonical":"https:\/\/www.iumkit.net\/portail\/depannium-classique-iso\/tutoriel-reparation-bcd\/reparer-bootloader-uefi-windows-8-10\/","og_locale":"fr_FR","og_type":"article","og_title":"R\u00e9parer BCD UEFI Windows &#8226; IumKit.net","og_description":"R\u00e9parer les erreurs BCD de Windows 8 ou Windows 10 install\u00e9 en UEFI (0xc0000034 ...)","og_url":"https:\/\/www.iumkit.net\/portail\/depannium-classique-iso\/tutoriel-reparation-bcd\/reparer-bootloader-uefi-windows-8-10\/","og_site_name":"IumKit.net","article_modified_time":"2017-03-31T16:04:12+00:00","og_image":[{"url":"http:\/\/image.noelshack.com\/fichiers\/2016\/02\/1452807849-bcd-error.png","type":"","width":"","height":""}],"twitter_card":"summary_large_image","twitter_misc":{"Dur\u00e9e de lecture estim\u00e9e":"2 minutes"},"schema":{"@context":"https:\/\/schema.org","@graph":[{"@type":"WebPage","@id":"https:\/\/www.iumkit.net\/portail\/depannium-classique-iso\/tutoriel-reparation-bcd\/reparer-bootloader-uefi-windows-8-10\/","url":"https:\/\/www.iumkit.net\/portail\/depannium-classique-iso\/tutoriel-reparation-bcd\/reparer-bootloader-uefi-windows-8-10\/","name":"R\u00e9parer BCD UEFI Windows &#8226; IumKit.net","isPartOf":{"@id":"https:\/\/www.iumkit.net\/portail\/#website"},"primaryImageOfPage":{"@id":"https:\/\/www.iumkit.net\/portail\/depannium-classique-iso\/tutoriel-reparation-bcd\/reparer-bootloader-uefi-windows-8-10\/#primaryimage"},"image":{"@id":"https:\/\/www.iumkit.net\/portail\/depannium-classique-iso\/tutoriel-reparation-bcd\/reparer-bootloader-uefi-windows-8-10\/#primaryimage"},"thumbnailUrl":"http:\/\/image.noelshack.com\/fichiers\/2016\/02\/1452807849-bcd-error.png","datePublished":"2016-01-14T19:50:47+00:00","dateModified":"2017-03-31T16:04:12+00:00","description":"R\u00e9parer les erreurs BCD de Windows 8 ou Windows 10 install\u00e9 en UEFI (0xc0000034 ...)","breadcrumb":{"@id":"https:\/\/www.iumkit.net\/portail\/depannium-classique-iso\/tutoriel-reparation-bcd\/reparer-bootloader-uefi-windows-8-10\/#breadcrumb"},"inLanguage":"fr-FR","potentialAction":[{"@type":"ReadAction","target":["https:\/\/www.iumkit.net\/portail\/depannium-classique-iso\/tutoriel-reparation-bcd\/reparer-bootloader-uefi-windows-8-10\/"]}]},{"@type":"ImageObject","inLanguage":"fr-FR","@id":"https:\/\/www.iumkit.net\/portail\/depannium-classique-iso\/tutoriel-reparation-bcd\/reparer-bootloader-uefi-windows-8-10\/#primaryimage","url":"http:\/\/image.noelshack.com\/fichiers\/2016\/02\/1452807849-bcd-error.png","contentUrl":"http:\/\/image.noelshack.com\/fichiers\/2016\/02\/1452807849-bcd-error.png"},{"@type":"BreadcrumbList","@id":"https:\/\/www.iumkit.net\/portail\/depannium-classique-iso\/tutoriel-reparation-bcd\/reparer-bootloader-uefi-windows-8-10\/#breadcrumb","itemListElement":[{"@type":"ListItem","position":1,"name":"Accueil","item":"https:\/\/www.iumkit.net\/portail\/"},{"@type":"ListItem","position":2,"name":"Depannium Classique [iso]","item":"https:\/\/www.iumkit.net\/portail\/depannium-classique-iso\/"},{"@type":"ListItem","position":3,"name":"Tutoriels","item":"https:\/\/www.iumkit.net\/portail\/depannium-classique-iso\/tutoriel-reparation-bcd\/"},{"@type":"ListItem","position":4,"name":"R\u00e9parer BCD UEFI Windows"}]},{"@type":"WebSite","@id":"https:\/\/www.iumkit.net\/portail\/#website","url":"https:\/\/www.iumkit.net\/portail\/","name":"IumKit.net","description":"Simplifiez-vous Windows","publisher":{"@id":"https:\/\/www.iumkit.net\/portail\/#organization"},"potentialAction":[{"@type":"SearchAction","target":{"@type":"EntryPoint","urlTemplate":"https:\/\/www.iumkit.net\/portail\/?s={search_term_string}"},"query-input":{"@type":"PropertyValueSpecification","valueRequired":true,"valueName":"search_term_string"}}],"inLanguage":"fr-FR"},{"@type":"Organization","@id":"https:\/\/www.iumkit.net\/portail\/#organization","name":"iumKit","url":"https:\/\/www.iumkit.net\/portail\/","logo":{"@type":"ImageObject","inLanguage":"fr-FR","@id":"https:\/\/www.iumkit.net\/portail\/#\/schema\/logo\/image\/","url":"https:\/\/www.iumkit.net\/portail\/wp-content\/uploads\/2017\/03\/logo-iumkit-1.png","contentUrl":"https:\/\/www.iumkit.net\/portail\/wp-content\/uploads\/2017\/03\/logo-iumkit-1.png","width":287,"height":83,"caption":"iumKit"},"image":{"@id":"https:\/\/www.iumkit.net\/portail\/#\/schema\/logo\/image\/"},"sameAs":["https:\/\/www.youtube.com\/user\/iumkitwindows"]}]}},"_links":{"self":[{"href":"https:\/\/www.iumkit.net\/portail\/wp-json\/wp\/v2\/pages\/1193","targetHints":{"allow":["GET"]}}],"collection":[{"href":"https:\/\/www.iumkit.net\/portail\/wp-json\/wp\/v2\/pages"}],"about":[{"href":"https:\/\/www.iumkit.net\/portail\/wp-json\/wp\/v2\/types\/page"}],"author":[{"embeddable":true,"href":"https:\/\/www.iumkit.net\/portail\/wp-json\/wp\/v2\/users\/1"}],"replies":[{"embeddable":true,"href":"https:\/\/www.iumkit.net\/portail\/wp-json\/wp\/v2\/comments?post=1193"}],"version-history":[{"count":0,"href":"https:\/\/www.iumkit.net\/portail\/wp-json\/wp\/v2\/pages\/1193\/revisions"}],"up":[{"embeddable":true,"href":"https:\/\/www.iumkit.net\/portail\/wp-json\/wp\/v2\/pages\/1189"}],"wp:attachment":[{"href":"https:\/\/www.iumkit.net\/portail\/wp-json\/wp\/v2\/media?parent=1193"}],"curies":[{"name":"wp","href":"https:\/\/api.w.org\/{rel}","templated":true}]}}