{"id":128,"date":"2012-06-04T16:48:42","date_gmt":"2012-06-04T16:48:42","guid":{"rendered":"http:\/\/www.iumkit.net\/portail\/?page_id=128"},"modified":"2023-12-17T20:31:48","modified_gmt":"2023-12-17T19:31:48","slug":"capture-sysprep","status":"publish","type":"page","link":"https:\/\/www.iumkit.net\/portail\/deployment-ium-kit\/powerusers-deployment-ium-kit\/capture-sysprep\/","title":{"rendered":"Capture Sysprep"},"content":{"rendered":"<p>&nbsp;<\/p>\n<p style=\"text-align: center;\"><img loading=\"lazy\" decoding=\"async\" src=\"https:\/\/www.iumkit.net\/portail\/wp-content\/uploads\/sysprep.jpg\" alt=\"\" width=\"338\" height=\"230\"><\/p>\n<p>&nbsp;<\/p>\n<h1><a name=\"_Toc470459070\"><\/a>Pr\u00e9-requis<\/h1>\n<ul>\n<li>Un PC sous Windows 7, Windows 8.1, Windows 10, Windows 11 64-bits<\/li>\n<li>Droit administrateur<\/li>\n<li>Facultatif : une sauvegarde du syst\u00e8me<\/li>\n<li>Un media (Cd\/Usb), contenant Windows PE avec gImagex, (D\u00e9pannium par exemple). Attention, avant de vous lancer dans quoi que ce soit, assurez-vous que votre WindowsPE aura la priorit\u00e9 de d\u00e9marrage dans le BIOS, (ex : FirstBoot : Disk USB | Second Boot : HDD).<\/li>\n<li>Composants de&nbsp;DIK install\u00e9s, avec les red\u00e9marrages n\u00e9cessaires d\u00e9j\u00e0 effectu\u00e9s<\/li>\n<li>Une partition\/disque dur\/cl\u00e9 USB avec ~25 GO de libre.<\/li>\n<\/ul>\n<p>&nbsp;<\/p>\n<p>Une fois que vous avez install\u00e9 le DIK avec les composants de votre choix, que vous avez grav\u00e9 votre WindowsPE, que vous avez un support avec 12 Go de libre. Assurez-vous que le support (DVD\/Iso\/Cl\u00e9 USB) de WinPE aura la priorit\u00e9 de boot au d\u00e9marrage de l\u2019ordinateur.<\/p>\n<ul>\n<li>Lancez WITweaker, ouvrir Syst\u00e8me, puis cliquez sur \u00ab\u00a0Activer session Admin\u00a0\u00bb, puis fermez la session sur le champ.<\/li>\n<\/ul>\n<p><span style=\"color: #0000ff;\"><strong>ou<\/strong><\/span><\/p>\n<ul>\n<li>Relancez le DIK, cliquez sur Sysprep (dans le menu) -&gt; Activer compte Admin et fermer la session sur le champ.<\/li>\n<\/ul>\n<p>La session se ferme\u2026<\/p>\n<ul>\n<li>Une fois sur la page de login, cliquez \u00e0 pr\u00e9sent sur Administrateur.<\/li>\n<\/ul>\n<p>La session se lance\u2026<\/p>\n<ul>\n<li>Allez dans le Panneau de Configuration, supprimez tout les comptes d\u2019utilisateurs except\u00e9 \u00ab Administrateur \u00bb !<\/li>\n<li>Nettoyez Windows avec l&rsquo;outil de Nettoyage de disque.<\/li>\n<li>Nettoyez aussi avec CCleanner (si install\u00e9).<\/li>\n<li>Branchez votre cl\u00e9 USB ou ins\u00e9rez votre CD contenant Windows PE (D\u00e9pannium par exemple), si ce n\u2019est pas d\u00e9j\u00e0 fait. Ne touchez a rien d\u2019autre !<\/li>\n<li>Dirigez vous vers ce r\u00e9pertoire -&gt; C:\\Windows\\System32\\sysprep\\<\/li>\n<li>Lancez sysprep.exe, cochez \u00ab G\u00e9n\u00e9raliser \u00bb et s\u00e9lectionnez Arr\u00eater le Syst\u00e8me, ensuite : OK, patientez quelques instants, l\u2019ordinateur s\u2019arr\u00eate.<\/li>\n<li><strong><span style=\"color: #800000;\">Si une erreur se produit<\/span><\/strong>, ouvrez les logs et analysez le probl\u00e8me, g\u00e9n\u00e9ralement, c&rsquo;est un paquet UWP qui g\u00eane, d\u00e9sinstallez le avec PowerShell : (exemple) <span style=\"color: #333399;\"><em>Remove-AppxPackage -package &lsquo;NotepadPlusPlus_1.0.0.0_neutral__7njy0v32s6xk6&rsquo;<\/em><\/span><\/li>\n<li>Rallumez votre machine, si vous avez bien configur\u00e9 l\u2019ordre de priorit\u00e9 de d\u00e9marrage, votre version de WindowsPE se lance, dans mon cas j\u2019ai choisi D\u00e9pannium, cliquez sur \u00ab gImagex \u00bb<\/li>\n<\/ul>\n<p>&nbsp;<\/p>\n<p><span style=\"font-size: 16px;\"><span style=\"color: #800080;\">&nbsp;&nbsp;&nbsp; <img decoding=\"async\" style=\"width: 17px; height: 10px;\" src=\"http:\/\/www.iumkit.net\/\/portail\/wp-content\/uploads\/icons\/fleche.png\" alt=\"\">&nbsp; <\/span><\/span>Dans l\u2019onglet Capture, cliquez sur <strong>Browse<\/strong>\u2026 (en face de Source), s\u00e9lectionnez le disque contenant le Windows personnalis\u00e9 (<strong>attention, il&nbsp;&nbsp;&nbsp; ne&nbsp; s\u2019appelle pas forc\u00e9ment C:\\ dans ce cas !!<\/strong>), si vous ne l\u2019avez pas renomm\u00e9 il s\u2019appelle Disque Local.&nbsp;&nbsp;&nbsp;&nbsp;&nbsp;&nbsp;&nbsp;&nbsp;&nbsp;&nbsp;&nbsp;&nbsp;&nbsp;&nbsp;&nbsp;&nbsp;&nbsp;&nbsp;&nbsp;&nbsp;&nbsp;&nbsp;&nbsp;&nbsp;&nbsp;&nbsp;&nbsp;&nbsp;&nbsp;&nbsp;&nbsp;&nbsp;&nbsp;&nbsp;&nbsp;&nbsp;&nbsp;&nbsp;&nbsp;&nbsp;&nbsp;&nbsp;&nbsp;&nbsp;&nbsp;&nbsp;&nbsp;&nbsp;&nbsp;<\/p>\n<p>&nbsp;&nbsp;&nbsp;&nbsp;&nbsp;&nbsp;&nbsp;&nbsp;&nbsp; Double-cliquez sur le disque contenant le Windows personnalis\u00e9, ensuite cliquez sur OK.<\/p>\n<p>&nbsp;&nbsp; <span style=\"font-size: 16px;\"><span style=\"color: #800080;\"><img decoding=\"async\" style=\"width: 17px; height: 10px;\" src=\"http:\/\/www.iumkit.net\/\/portail\/wp-content\/uploads\/icons\/fleche.png\" alt=\"\"> <\/span><\/span>&nbsp; A pr\u00e9sent cliquez sur <strong>Browse<\/strong>\u2026 (celui en face de Destination) s\u00e9lectionnez votre disque qui a au moins 15 GO de libre.<br \/>\n&nbsp;&nbsp;&nbsp; Dans la case \u00ab Nom du fichier \u00bb, tapez <strong>install.wim<\/strong> (ce fichier contiendra une sorte d\u2019image disque), validez par Enregistrer.<\/p>\n<p>&nbsp;&nbsp;&nbsp; <span style=\"font-size: 16px;\"><span style=\"color: #800080;\"><img decoding=\"async\" style=\"width: 17px; height: 10px;\" src=\"http:\/\/www.iumkit.net\/\/portail\/wp-content\/uploads\/icons\/fleche.png\" alt=\"\">&nbsp; <\/span><\/span>Dans la case NAME, mettez le nom de votre choix, \u00e9vitez un nom avec des accents ou avec des espaces.<br \/>\n&nbsp;&nbsp;&nbsp; <span style=\"font-size: 16px;\"><span style=\"color: #800080;\"><img decoding=\"async\" style=\"width: 17px; height: 10px;\" src=\"http:\/\/www.iumkit.net\/\/portail\/wp-content\/uploads\/icons\/fleche.png\" alt=\"\">&nbsp; <\/span><\/span>Dans la case Description, mettez la description de votre choix.<br \/>\n&nbsp;&nbsp;&nbsp; <span style=\"font-size: 16px;\"><span style=\"color: #800080;\"><img decoding=\"async\" style=\"width: 17px; height: 10px;\" src=\"http:\/\/www.iumkit.net\/\/portail\/wp-content\/uploads\/icons\/fleche.png\" alt=\"\">&nbsp; <\/span><\/span>Niveau de Compression: de pr\u00e9f\u00e9rence Maximum.<br \/>\n&nbsp;&nbsp;&nbsp; <span style=\"font-size: 16px;\"><span style=\"color: #800080;\"><img decoding=\"async\" style=\"width: 17px; height: 10px;\" src=\"http:\/\/www.iumkit.net\/\/portail\/wp-content\/uploads\/icons\/fleche.png\" alt=\"\">&nbsp; <\/span><\/span>Vous pouvez cocher \u00abVerify \u00bb pour v\u00e9rifier l\u2019image\u2026.<\/p>\n<p>&nbsp;&nbsp;&nbsp; <span style=\"font-size: 16px;\"><span style=\"color: #800080;\"><img decoding=\"async\" style=\"width: 17px; height: 10px;\" src=\"http:\/\/www.iumkit.net\/\/portail\/wp-content\/uploads\/icons\/fleche.png\" alt=\"\">&nbsp; <\/span><\/span>Une fois tout \u00e7a de fait, cliquez sur Create.<\/p>\n<p><strong><em>Patientez<\/em><\/strong><\/p>\n<p>Lorsque la capture sera termin\u00e9e, red\u00e9marrez l\u2019ordinateur. Normalement vous devrez avoir des messages dit de \u00ab configuration \u00bb.<br \/>\nPatientez\u2026 et inscrivez les informations n\u00e9cessaires, vous voil\u00e0 logu\u00e9 avec un nouveau compte.<\/p>\n<p>Vous avez maintenant votre image \u00ab install.wim \u00bb pour des futurs installations toutes pr\u00eates, vous devez la placer dans un projet unattended (une image ISO de Windows d\u00e9compress\u00e9e !).<\/p>\n<p><span style=\"font-size: 16px;\"><span style=\"color: #800080;\"><img decoding=\"async\" style=\"width: 17px; height: 10px;\" src=\"http:\/\/www.iumkit.net\/\/portail\/wp-content\/uploads\/icons\/fleche.png\" alt=\"\"> <\/span><\/span>Remplacez le \u00ab install.wim \u00bb par le votre, qui est situ\u00e9 dans :<\/p>\n<p style=\"text-align: center;\"><span style=\"color: #2f4f4f;\"><strong><em>X:\\isoWindowsDecompresser\\sources\\install.wim<\/em><\/strong><\/span><\/p>\n<p><span style=\"font-size: 16px;\"><span style=\"color: #800080;\"><img decoding=\"async\" style=\"width: 17px; height: 10px;\" src=\"http:\/\/www.iumkit.net\/\/portail\/wp-content\/uploads\/icons\/fleche.png\" alt=\"\"> <\/span><\/span>Il vous reste plus qu\u2019\u00e0 recr\u00e9er l\u2019ISO de Windows (avec Setup Patchium par exemple).<\/p>\n<p><script type=\"text\/javascript\"><!-- google_ad_client = \"ca-pub-0401238203491753\"; \/* sysprep01 *\/ google_ad_slot = \"3979797999\"; google_ad_width = 234; google_ad_height = 60; \/\/-->\n<\/script><script type=\"text\/javascript\" src=\"http:\/\/pagead2.googlesyndication.com\/pagead\/show_ads.js\">\n<\/script><\/p>\n","protected":false},"excerpt":{"rendered":"<p>&nbsp; &nbsp; Pr\u00e9-requis Un PC sous Windows 7, Windows 8.1, Windows 10, Windows 11 64-bits Droit administrateur Facultatif : une sauvegarde du syst\u00e8me Un media (Cd\/Usb), contenant Windows PE avec gImagex, (D\u00e9pannium par exemple). Attention, avant de vous lancer dans quoi que ce soit, assurez-vous que votre WindowsPE aura la [&hellip;]<\/p>\n","protected":false},"author":1,"featured_media":0,"parent":125,"menu_order":0,"comment_status":"open","ping_status":"closed","template":"","meta":{"ngg_post_thumbnail":0,"footnotes":""},"class_list":["post-128","page","type-page","status-publish","hentry"],"yoast_head":"<!-- This site is optimized with the Yoast SEO plugin v26.7 - https:\/\/yoast.com\/wordpress\/plugins\/seo\/ -->\n<title>Capture Sysprep &#8226; IumKit.net<\/title>\n<meta name=\"robots\" content=\"index, follow, max-snippet:-1, max-image-preview:large, max-video-preview:-1\" \/>\n<link rel=\"canonical\" href=\"https:\/\/www.iumkit.net\/portail\/deployment-ium-kit\/powerusers-deployment-ium-kit\/capture-sysprep\/\" \/>\n<meta property=\"og:locale\" content=\"fr_FR\" \/>\n<meta property=\"og:type\" content=\"article\" \/>\n<meta property=\"og:title\" content=\"Capture Sysprep &#8226; IumKit.net\" \/>\n<meta property=\"og:description\" content=\"&nbsp; &nbsp; Pr\u00e9-requis Un PC sous Windows 7, Windows 8.1, Windows 10, Windows 11 64-bits Droit administrateur Facultatif : une sauvegarde du syst\u00e8me Un media (Cd\/Usb), contenant Windows PE avec gImagex, (D\u00e9pannium par exemple). Attention, avant de vous lancer dans quoi que ce soit, assurez-vous que votre WindowsPE aura la [&hellip;]\" \/>\n<meta property=\"og:url\" content=\"https:\/\/www.iumkit.net\/portail\/deployment-ium-kit\/powerusers-deployment-ium-kit\/capture-sysprep\/\" \/>\n<meta property=\"og:site_name\" content=\"IumKit.net\" \/>\n<meta property=\"article:modified_time\" content=\"2023-12-17T19:31:48+00:00\" \/>\n<meta property=\"og:image\" content=\"http:\/\/www.iumkit.net\/portail\/wp-content\/uploads\/sysprep.jpg\" \/>\n<meta name=\"twitter:card\" content=\"summary_large_image\" \/>\n<meta name=\"twitter:label1\" content=\"Dur\u00e9e de lecture estim\u00e9e\" \/>\n\t<meta name=\"twitter:data1\" content=\"5 minutes\" \/>\n<script type=\"application\/ld+json\" class=\"yoast-schema-graph\">{\"@context\":\"https:\/\/schema.org\",\"@graph\":[{\"@type\":\"WebPage\",\"@id\":\"https:\/\/www.iumkit.net\/portail\/deployment-ium-kit\/powerusers-deployment-ium-kit\/capture-sysprep\/\",\"url\":\"https:\/\/www.iumkit.net\/portail\/deployment-ium-kit\/powerusers-deployment-ium-kit\/capture-sysprep\/\",\"name\":\"Capture Sysprep &#8226; IumKit.net\",\"isPartOf\":{\"@id\":\"https:\/\/www.iumkit.net\/portail\/#website\"},\"primaryImageOfPage\":{\"@id\":\"https:\/\/www.iumkit.net\/portail\/deployment-ium-kit\/powerusers-deployment-ium-kit\/capture-sysprep\/#primaryimage\"},\"image\":{\"@id\":\"https:\/\/www.iumkit.net\/portail\/deployment-ium-kit\/powerusers-deployment-ium-kit\/capture-sysprep\/#primaryimage\"},\"thumbnailUrl\":\"http:\/\/www.iumkit.net\/portail\/wp-content\/uploads\/sysprep.jpg\",\"datePublished\":\"2012-06-04T16:48:42+00:00\",\"dateModified\":\"2023-12-17T19:31:48+00:00\",\"breadcrumb\":{\"@id\":\"https:\/\/www.iumkit.net\/portail\/deployment-ium-kit\/powerusers-deployment-ium-kit\/capture-sysprep\/#breadcrumb\"},\"inLanguage\":\"fr-FR\",\"potentialAction\":[{\"@type\":\"ReadAction\",\"target\":[\"https:\/\/www.iumkit.net\/portail\/deployment-ium-kit\/powerusers-deployment-ium-kit\/capture-sysprep\/\"]}]},{\"@type\":\"ImageObject\",\"inLanguage\":\"fr-FR\",\"@id\":\"https:\/\/www.iumkit.net\/portail\/deployment-ium-kit\/powerusers-deployment-ium-kit\/capture-sysprep\/#primaryimage\",\"url\":\"http:\/\/www.iumkit.net\/portail\/wp-content\/uploads\/sysprep.jpg\",\"contentUrl\":\"http:\/\/www.iumkit.net\/portail\/wp-content\/uploads\/sysprep.jpg\"},{\"@type\":\"BreadcrumbList\",\"@id\":\"https:\/\/www.iumkit.net\/portail\/deployment-ium-kit\/powerusers-deployment-ium-kit\/capture-sysprep\/#breadcrumb\",\"itemListElement\":[{\"@type\":\"ListItem\",\"position\":1,\"name\":\"Accueil\",\"item\":\"https:\/\/www.iumkit.net\/portail\/\"},{\"@type\":\"ListItem\",\"position\":2,\"name\":\"DIK Wizard (Deployment Ium Kit)\",\"item\":\"https:\/\/www.iumkit.net\/portail\/deployment-ium-kit\/\"},{\"@type\":\"ListItem\",\"position\":3,\"name\":\"Power users\",\"item\":\"https:\/\/www.iumkit.net\/portail\/deployment-ium-kit\/powerusers-deployment-ium-kit\/\"},{\"@type\":\"ListItem\",\"position\":4,\"name\":\"Capture Sysprep\"}]},{\"@type\":\"WebSite\",\"@id\":\"https:\/\/www.iumkit.net\/portail\/#website\",\"url\":\"https:\/\/www.iumkit.net\/portail\/\",\"name\":\"IumKit.net\",\"description\":\"Simplifiez-vous Windows\",\"publisher\":{\"@id\":\"https:\/\/www.iumkit.net\/portail\/#organization\"},\"potentialAction\":[{\"@type\":\"SearchAction\",\"target\":{\"@type\":\"EntryPoint\",\"urlTemplate\":\"https:\/\/www.iumkit.net\/portail\/?s={search_term_string}\"},\"query-input\":{\"@type\":\"PropertyValueSpecification\",\"valueRequired\":true,\"valueName\":\"search_term_string\"}}],\"inLanguage\":\"fr-FR\"},{\"@type\":\"Organization\",\"@id\":\"https:\/\/www.iumkit.net\/portail\/#organization\",\"name\":\"iumKit\",\"url\":\"https:\/\/www.iumkit.net\/portail\/\",\"logo\":{\"@type\":\"ImageObject\",\"inLanguage\":\"fr-FR\",\"@id\":\"https:\/\/www.iumkit.net\/portail\/#\/schema\/logo\/image\/\",\"url\":\"https:\/\/www.iumkit.net\/portail\/wp-content\/uploads\/2017\/03\/logo-iumkit-1.png\",\"contentUrl\":\"https:\/\/www.iumkit.net\/portail\/wp-content\/uploads\/2017\/03\/logo-iumkit-1.png\",\"width\":287,\"height\":83,\"caption\":\"iumKit\"},\"image\":{\"@id\":\"https:\/\/www.iumkit.net\/portail\/#\/schema\/logo\/image\/\"},\"sameAs\":[\"https:\/\/www.youtube.com\/user\/iumkitwindows\"]}]}<\/script>\n<!-- \/ Yoast SEO plugin. -->","yoast_head_json":{"title":"Capture Sysprep &#8226; IumKit.net","robots":{"index":"index","follow":"follow","max-snippet":"max-snippet:-1","max-image-preview":"max-image-preview:large","max-video-preview":"max-video-preview:-1"},"canonical":"https:\/\/www.iumkit.net\/portail\/deployment-ium-kit\/powerusers-deployment-ium-kit\/capture-sysprep\/","og_locale":"fr_FR","og_type":"article","og_title":"Capture Sysprep &#8226; IumKit.net","og_description":"&nbsp; &nbsp; Pr\u00e9-requis Un PC sous Windows 7, Windows 8.1, Windows 10, Windows 11 64-bits Droit administrateur Facultatif : une sauvegarde du syst\u00e8me Un media (Cd\/Usb), contenant Windows PE avec gImagex, (D\u00e9pannium par exemple). Attention, avant de vous lancer dans quoi que ce soit, assurez-vous que votre WindowsPE aura la [&hellip;]","og_url":"https:\/\/www.iumkit.net\/portail\/deployment-ium-kit\/powerusers-deployment-ium-kit\/capture-sysprep\/","og_site_name":"IumKit.net","article_modified_time":"2023-12-17T19:31:48+00:00","og_image":[{"url":"http:\/\/www.iumkit.net\/portail\/wp-content\/uploads\/sysprep.jpg","type":"","width":"","height":""}],"twitter_card":"summary_large_image","twitter_misc":{"Dur\u00e9e de lecture estim\u00e9e":"5 minutes"},"schema":{"@context":"https:\/\/schema.org","@graph":[{"@type":"WebPage","@id":"https:\/\/www.iumkit.net\/portail\/deployment-ium-kit\/powerusers-deployment-ium-kit\/capture-sysprep\/","url":"https:\/\/www.iumkit.net\/portail\/deployment-ium-kit\/powerusers-deployment-ium-kit\/capture-sysprep\/","name":"Capture Sysprep &#8226; IumKit.net","isPartOf":{"@id":"https:\/\/www.iumkit.net\/portail\/#website"},"primaryImageOfPage":{"@id":"https:\/\/www.iumkit.net\/portail\/deployment-ium-kit\/powerusers-deployment-ium-kit\/capture-sysprep\/#primaryimage"},"image":{"@id":"https:\/\/www.iumkit.net\/portail\/deployment-ium-kit\/powerusers-deployment-ium-kit\/capture-sysprep\/#primaryimage"},"thumbnailUrl":"http:\/\/www.iumkit.net\/portail\/wp-content\/uploads\/sysprep.jpg","datePublished":"2012-06-04T16:48:42+00:00","dateModified":"2023-12-17T19:31:48+00:00","breadcrumb":{"@id":"https:\/\/www.iumkit.net\/portail\/deployment-ium-kit\/powerusers-deployment-ium-kit\/capture-sysprep\/#breadcrumb"},"inLanguage":"fr-FR","potentialAction":[{"@type":"ReadAction","target":["https:\/\/www.iumkit.net\/portail\/deployment-ium-kit\/powerusers-deployment-ium-kit\/capture-sysprep\/"]}]},{"@type":"ImageObject","inLanguage":"fr-FR","@id":"https:\/\/www.iumkit.net\/portail\/deployment-ium-kit\/powerusers-deployment-ium-kit\/capture-sysprep\/#primaryimage","url":"http:\/\/www.iumkit.net\/portail\/wp-content\/uploads\/sysprep.jpg","contentUrl":"http:\/\/www.iumkit.net\/portail\/wp-content\/uploads\/sysprep.jpg"},{"@type":"BreadcrumbList","@id":"https:\/\/www.iumkit.net\/portail\/deployment-ium-kit\/powerusers-deployment-ium-kit\/capture-sysprep\/#breadcrumb","itemListElement":[{"@type":"ListItem","position":1,"name":"Accueil","item":"https:\/\/www.iumkit.net\/portail\/"},{"@type":"ListItem","position":2,"name":"DIK Wizard (Deployment Ium Kit)","item":"https:\/\/www.iumkit.net\/portail\/deployment-ium-kit\/"},{"@type":"ListItem","position":3,"name":"Power users","item":"https:\/\/www.iumkit.net\/portail\/deployment-ium-kit\/powerusers-deployment-ium-kit\/"},{"@type":"ListItem","position":4,"name":"Capture Sysprep"}]},{"@type":"WebSite","@id":"https:\/\/www.iumkit.net\/portail\/#website","url":"https:\/\/www.iumkit.net\/portail\/","name":"IumKit.net","description":"Simplifiez-vous Windows","publisher":{"@id":"https:\/\/www.iumkit.net\/portail\/#organization"},"potentialAction":[{"@type":"SearchAction","target":{"@type":"EntryPoint","urlTemplate":"https:\/\/www.iumkit.net\/portail\/?s={search_term_string}"},"query-input":{"@type":"PropertyValueSpecification","valueRequired":true,"valueName":"search_term_string"}}],"inLanguage":"fr-FR"},{"@type":"Organization","@id":"https:\/\/www.iumkit.net\/portail\/#organization","name":"iumKit","url":"https:\/\/www.iumkit.net\/portail\/","logo":{"@type":"ImageObject","inLanguage":"fr-FR","@id":"https:\/\/www.iumkit.net\/portail\/#\/schema\/logo\/image\/","url":"https:\/\/www.iumkit.net\/portail\/wp-content\/uploads\/2017\/03\/logo-iumkit-1.png","contentUrl":"https:\/\/www.iumkit.net\/portail\/wp-content\/uploads\/2017\/03\/logo-iumkit-1.png","width":287,"height":83,"caption":"iumKit"},"image":{"@id":"https:\/\/www.iumkit.net\/portail\/#\/schema\/logo\/image\/"},"sameAs":["https:\/\/www.youtube.com\/user\/iumkitwindows"]}]}},"_links":{"self":[{"href":"https:\/\/www.iumkit.net\/portail\/wp-json\/wp\/v2\/pages\/128","targetHints":{"allow":["GET"]}}],"collection":[{"href":"https:\/\/www.iumkit.net\/portail\/wp-json\/wp\/v2\/pages"}],"about":[{"href":"https:\/\/www.iumkit.net\/portail\/wp-json\/wp\/v2\/types\/page"}],"author":[{"embeddable":true,"href":"https:\/\/www.iumkit.net\/portail\/wp-json\/wp\/v2\/users\/1"}],"replies":[{"embeddable":true,"href":"https:\/\/www.iumkit.net\/portail\/wp-json\/wp\/v2\/comments?post=128"}],"version-history":[{"count":6,"href":"https:\/\/www.iumkit.net\/portail\/wp-json\/wp\/v2\/pages\/128\/revisions"}],"predecessor-version":[{"id":2039,"href":"https:\/\/www.iumkit.net\/portail\/wp-json\/wp\/v2\/pages\/128\/revisions\/2039"}],"up":[{"embeddable":true,"href":"https:\/\/www.iumkit.net\/portail\/wp-json\/wp\/v2\/pages\/125"}],"wp:attachment":[{"href":"https:\/\/www.iumkit.net\/portail\/wp-json\/wp\/v2\/media?parent=128"}],"curies":[{"name":"wp","href":"https:\/\/api.w.org\/{rel}","templated":true}]}}