{"id":1439,"date":"2017-03-31T18:47:04","date_gmt":"2017-03-31T17:47:04","guid":{"rendered":"http:\/\/www.iumkit.net\/portail\/?page_id=1439"},"modified":"2022-07-25T12:21:06","modified_gmt":"2022-07-25T11:21:06","slug":"fonctionnalites-dik","status":"publish","type":"page","link":"https:\/\/www.iumkit.net\/portail\/deployment-ium-kit\/fonctionnalites-dik\/","title":{"rendered":"D\u00e9tails des fonctionnalit\u00e9s de DIK"},"content":{"rendered":"<h3>Fonctionnalit\u00e9s du logiciel <span style=\"color: #000080;\">Deployment Ium Kit<\/span> (DIK)<\/h3>\n<p>&nbsp;<\/p>\n<h1><a name=\"_Toc471161271\"><\/a><span style=\"mso-fareast-font-family: 'Calibri Light'; mso-fareast-theme-font: major-latin; mso-bidi-font-family: 'Calibri Light'; mso-bidi-theme-font: major-latin;\"><span style=\"mso-list: Ignore;\">1- <\/span><\/span>DIK, what&nbsp;?<\/h1>\n<p>Deployment Ium Kit (DIK) est un assistant pour faciliter la configuration, d\u00e9sactivation, suppressions et les installations logicielles sur Windows 64-bits.<\/p>\n<p>&nbsp;<\/p>\n<ul>\n<li>Configuration de Windows simplifi\u00e9e<\/li>\n<\/ul>\n<p>Avec Deployment Ium Kit, vous avez une multitude d\u2019options qui s\u2019offrent \u00e0 vous.<\/p>\n<p>Avec quelques clics vous pouvez configurer Windows, son explorateur, ses services, ses fonctionnalit\u00e9s, installer plusieurs logiciels, Softs\u2019Ium ou modules et d\u00e9sinstaller les applications Modern UI de Windows 10 en quelques clics&nbsp;! Configurez plusieurs machines \u00e0 votre guise&nbsp;!<\/p>\n<p>D\u00e9couvrez aussi Windows Ium Tweaker (WIT) pour affiner les r\u00e9glages avanc\u00e9s de Windows.<\/p>\n<p>&nbsp;<\/p>\n<ul>\n<li>Softs&rsquo;Ium : Des outils indispensables<\/li>\n<\/ul>\n<p>Le Pack Softs&rsquo;Ium est une suite d&rsquo;utilitaires portables. Cette suite est constitu\u00e9e d&rsquo;outils indispensables ou essentiels, avec notamment CCleanner, Defraggler, Autoruns, HwInfo et quelques autres comme le Windows Ium Tweaker\u2026<\/p>\n<p>Ces outils sont pour la plupart maintenus \u00e0 jour avec Softs&rsquo;Ium Update.&nbsp;<strong>Ne perdez plus de temps avec les mises \u00e0 jour de ces logiciels. Softs\u2019Ium Update s\u2019occupe de tout&nbsp;!<\/strong><\/p>\n<p>&nbsp;<\/p>\n<ul>\n<li>Chocolatey : Gagner du temps avec les installations logicielles<\/li>\n<\/ul>\n<p>Avec la prise en charge de Chocolatey, vous pouvez ajouter vos paquets\/logiciels favoris dans la liste !<\/p>\n<p>Pour cela il suffit de r\u00e9cup\u00e9rer la commande sur le site de Chocolatey<\/p>\n<p>&nbsp;<\/p>\n<p>&nbsp;<\/p>\n<h1><a name=\"_Toc471161272\"><\/a><span style=\"mso-fareast-font-family: 'Calibri Light'; mso-fareast-theme-font: major-latin; mso-bidi-font-family: 'Calibri Light'; mso-bidi-theme-font: major-latin;\"><span style=\"mso-list: Ignore;\">2- <\/span><\/span>Pr\u00e9sentation des fonctionnalit\u00e9s<\/h1>\n<p>&nbsp;<\/p>\n<h2><a name=\"_Toc471161273\"><\/a>Onglet G\u00e9n\u00e9ral<\/h2>\n<p align=\"center\"><strong>Softs\u2019Ium<\/strong><\/p>\n<p>Comprend les utilitaires suivants&nbsp;:<\/p>\n<p>-Autoruns ;<\/p>\n<p>-CCleaner&nbsp;(portable) ;<\/p>\n<p>-CurrPorts (portable)&nbsp;;<\/p>\n<p>-Defraggler (portable)<\/p>\n<p>-Everything&nbsp;(portable) ;<\/p>\n<p>-HwInfo&nbsp;(portable) ;<\/p>\n<p>-Services Suite (portable)&nbsp;;<\/p>\n<p>-Softs\u2019Ium Update : permet de maintenir \u00e0 jour les utilitaires fournis dans Softs\u2019Ium&nbsp;;<\/p>\n<p>-System Explorer (portable)&nbsp;;<\/p>\n<p>-Unlocker (portable)&nbsp;;<\/p>\n<p>-WIT (Windows Ium Tweaker)&nbsp;: outil de param\u00e9trage avanc\u00e9 pour Windows 7 et sup\u00e9rieurs&nbsp;;<\/p>\n<p>-Minuteur (Arr\u00eat Planifi\u00e9)&nbsp;: permet de programmer une action d\u2019arr\u00eat, red\u00e9marrage du PC&nbsp;;<\/p>\n<p>-NirCMD (utilisable en ligne de commande), n\u00e9cessaire pour utiliser pleinement les options ajout\u00e9es dans Open++.<\/p>\n<p>-Notepad++ (version installeur minimale, le syst\u00e8me de mise \u00e0 jour n\u2019est pas pr\u00e9sent, Softs\u2019Ium Update se charge des mises \u00e0 jour)&nbsp;;<\/p>\n<p>-WinDiff&nbsp;; comparateur de fichiers.<\/p>\n<p>-Extension Shell Open++&nbsp;regroupant diverses fonctions<\/p>\n<p>&nbsp;<\/p>\n<p align=\"center\"><strong>Tweaks DIK<\/strong><\/p>\n<p>&nbsp;<\/p>\n<p>Il s\u2019agit de modifications dans le registre de Windows<\/p>\n<p><strong>Tweaks DIK<\/strong> modifie ces \u00e9l\u00e9ments&nbsp;:<\/p>\n<ul style=\"list-style-type: circle;\">\n<li><strong>Explorateur&nbsp;et bureau :<\/strong><\/li>\n<li>Affichage des extensions de fichiers.<\/li>\n<li>Ne pas masquer les ic\u00f4nes dans la zone de notifications<\/li>\n<li>Suppression suffixe \u00ab&nbsp;Raccourci \u00bb<\/li>\n<li>Ajout ic\u00f4ne \u00ab&nbsp;Ordinateur \/ Ce PC&nbsp;\u00bb sur le bureau<\/li>\n<li>Ajout item Script de commande Windows (clic droit &gt; Nouveau)<\/li>\n<li>Emp\u00eacher la demande de recherche internet d\u2019extension de fichier inconnue<\/li>\n<li>Emp\u00eacher l\u2019ouverture d\u2019une fen\u00eatre d\u2019ex\u00e9cution lors de l\u2019insertion d\u2019un media amovible (autoplay)<\/li>\n<\/ul>\n<p>&nbsp;<\/p>\n<ul style=\"list-style-type: circle;\">\n<li><strong>Syst\u00e8me :<\/strong><\/li>\n<li>Arr\u00eat de Windows plus rapide<\/li>\n<li>D\u00e9sactiver l&rsquo;avertissement d\u2019espace disque faible<\/li>\n<li>D\u00e9sactiver red\u00e9marrage auto en cas de d\u00e9faillance<\/li>\n<li>D\u00e9sactiver Rapport d\u2019erreur Microsoft<\/li>\n<\/ul>\n<p>&nbsp;<\/p>\n<p align=\"center\"><strong>Services Windows<\/strong><\/p>\n<p>&nbsp;<\/p>\n<p>&nbsp;<\/p>\n<p>Charg\u00e9s et ex\u00e9cut\u00e9s (pour la majorit\u00e9) au d\u00e9marrage de Windows, les services sont des programmes qui fonctionnent en arri\u00e8re-plan et qui offrent certaines fonctionnalit\u00e9s plus au moins utiles \u00e0 Windows : support des cartes \u00e0 puce, DNS, r\u00e9seau, chiffrement etc.<\/p>\n<p>&nbsp;<\/p>\n<ul style=\"list-style-type: circle;\">\n<li><strong>Ne rien d\u00e9sactiver<\/strong><\/li>\n<li><strong>D\u00e9sactivation Minimum<\/strong><\/li>\n<li><strong>D\u00e9sactivation Prudence<\/strong><\/li>\n<\/ul>\n<p>&nbsp;<\/p>\n<p align=\"center\"><strong>Raccourcis<\/strong><\/p>\n<p>&nbsp;<\/p>\n<ul style=\"list-style-type: circle;\">\n<li><strong>Ce PC\/Ordinateur<\/strong><\/li>\n<\/ul>\n<p>Ajoute plusieurs raccourcis au clic droit sur &lsquo;Ordinateur\/Ce PC&rsquo; (bureau ou menu d\u00e9marrer), Editeur du Registre, Toutes les t\u00e2ches, Programme et fonctionnalit\u00e9, Configuration du syst\u00e8me (msconfig), Recherche&nbsp;Explorateur Windows.<\/p>\n<ul style=\"list-style-type: circle;\">\n<li><strong>Panneau de configuration<\/strong><\/li>\n<\/ul>\n<p>Ajoute deux raccourcis suppl\u00e9mentaires au Panneau de configuration \u00ab&nbsp;Connexion r\u00e9seau&nbsp;\u00bb (style Windows XP), \u00ab&nbsp;Gestion des comptes utilisateurs&nbsp;\u00bb (style Windows 2000).<\/p>\n<ul style=\"list-style-type: circle;\">\n<li><strong>Power Menu (bureau)<\/strong><\/li>\n<\/ul>\n<p>Ajoute un sous-menu \u00ab&nbsp;Marche\/Arr\u00eat&nbsp;\u00bb au clic droit sur le bureau avec plusieurs options comme Arr\u00eater, Red\u00e9marrer, Fermer la session&#8230;<\/p>\n<p><u>Note<\/u>&nbsp;: \u00ab&nbsp;Red\u00e9marrer en mode avanc\u00e9&nbsp;\u00bb permet de lancer le mode de r\u00e9cup\u00e9ration de Windows 10, mode sans \u00e9chec, restauration\u2026<\/p>\n<p>&nbsp;<\/p>\n<h2><a name=\"_Toc471161274\"><\/a>Onglet Modules<\/h2>\n<p>Les modules sont des packs t\u00e9l\u00e9chargeables que l\u2019on peut ajouter au Deployment Ium Kit (DIK) pour le rendre plus complet.<\/p>\n<p>G\u00e9n\u00e9ralement les modules sont des logiciels courants, tel que 7-Zip, Firefox, VLC Media Player, Skype\u2026 Ils sont g\u00e9n\u00e9ralement pr\u00e9-param\u00e9tr\u00e9s pour faciliter l\u2019installation (installation silencieuse, extensions par d\u00e9faut, raccourcis\u2026).<\/p>\n<p>&nbsp;<\/p>\n<h1><a name=\"_Toc471161275\"><\/a><span style=\"mso-fareast-font-family: 'Calibri Light'; mso-fareast-theme-font: major-latin; mso-bidi-font-family: 'Calibri Light'; mso-bidi-theme-font: major-latin;\"><span style=\"mso-list: Ignore;\">3- <\/span><\/span>Personnalisation de Deployment Ium Kit<\/h1>\n<p>Deployment Ium Kit peu se personnaliser pour gagner encore plus de temps&nbsp;!<\/p>\n<p>&nbsp;<\/p>\n<h1><a name=\"_Toc471161276\"><\/a><span style=\"mso-fareast-font-family: 'Calibri Light'; mso-fareast-theme-font: major-latin; mso-bidi-font-family: 'Calibri Light'; mso-bidi-theme-font: major-latin;\"><span style=\"mso-list: Ignore;\">4- <\/span><\/span>FAQ<\/h1>\n<ul>\n<li><strong>Le Deployment Ium Kit est-il d\u00e9sinstallable ?<\/strong><\/li>\n<\/ul>\n<p>Depuis la version 3.4, un d\u00e9sinstalleur (DIK Uninstaller) est disponible sur IumKit.net.<\/p>\n<p>Lors de l&rsquo;installation il vous est propos\u00e9 de cr\u00e9er un Point de Restauration Syst\u00e8me qui permet de remettre le syst\u00e8me \u00e0 un \u00e9tat ant\u00e9rieur.<\/p>\n<p>Les Modules DIK sont d\u00e9sinstallables pour la plupart en utilisant le d\u00e9sinstalleur propre \u00e0 chaque \u00e9diteur.<\/p>\n<p>&nbsp;<\/p>\n<ul>\n<li><strong>Certains \u00e9l\u00e9ments sont gris\u00e9s<\/strong><\/li>\n<\/ul>\n<p>Si des \u00e9l\u00e9ments sont gris\u00e9s, c&rsquo;est qu&rsquo;ils ne sont pas compatibles avec votre syst\u00e8me d\u2019exploitation.<\/p>\n<p>&nbsp;<\/p>\n<ul>\n<li><strong>Qu&rsquo;est-ce que le Pack Softs&rsquo;Ium ?<\/strong><\/li>\n<\/ul>\n<p>Ce Pack comprend plusieurs utilitaires portables comme CCleaner, Defraggler, Notepad++, HwInfo, System Explorer\u2026 ainsi que le menu contextuel Open++. Ces utilitaires sont maintenus \u00e0 jour par le biais de Softs\u2019Ium Update.<\/p>\n<p>&nbsp;<\/p>\n<ul>\n<li><strong>Quelle est la diff\u00e9rence entre Deployment Ium Kit&nbsp;<\/strong>(DIK)<strong> et Windows Ium Tweaker <\/strong>(WIT) <strong>?<\/strong><\/li>\n<\/ul>\n<p>Le <strong>Deployment Ium Kit<\/strong> est l&rsquo;ensemble des programmes qui comprend les modifications registres, Softs\u2019Ium, suppression de composants ainsi que les modules. Windows Ium Tweaker permet de peaufiner certains param\u00e8tres de Windows (tweaks\u2026). WIT est compris dans le Pack Softs&rsquo;Ium.<\/p>\n<p>&nbsp;<\/p>\n<ul>\n<li><strong>Je veux participer pour aider \u00e0 l&rsquo;am\u00e9lioration du Deployment Ium Kit ?<\/strong><\/li>\n<\/ul>\n<p>Toute aide est la bienvenue, qu&rsquo;elle soit pour tester des futures versions, pour le d\u00e9veloppement, la cr\u00e9ation de Modules DIK (Mikit) ou encore financi\u00e8re avec <a href=\"https:\/\/www.iumkit.net\/portail\/don.html\">PayPal<\/a>.<\/p>\n","protected":false},"excerpt":{"rendered":"<p>Fonctionnalit\u00e9s du logiciel Deployment Ium Kit (DIK) &nbsp; 1- DIK, what&nbsp;? Deployment Ium Kit (DIK) est un assistant pour faciliter la configuration, d\u00e9sactivation, suppressions et les installations logicielles sur Windows 64-bits. &nbsp; Configuration de Windows simplifi\u00e9e Avec Deployment Ium Kit, vous avez une multitude d\u2019options qui s\u2019offrent \u00e0 vous. Avec [&hellip;]<\/p>\n","protected":false},"author":1,"featured_media":0,"parent":1034,"menu_order":5,"comment_status":"closed","ping_status":"closed","template":"","meta":{"ngg_post_thumbnail":0,"footnotes":""},"class_list":["post-1439","page","type-page","status-publish","hentry"],"yoast_head":"<!-- This site is optimized with the Yoast SEO plugin v26.7 - https:\/\/yoast.com\/wordpress\/plugins\/seo\/ -->\n<title>Fonctionnalit\u00e9s Deployment Ium Kit<\/title>\n<meta name=\"description\" content=\"DIK permet de configurer Windows de fa\u00e7on simplifi\u00e9e, explorateur, services Windows, installer plusieurs logiciels, d\u00e9sinstaller les applications Windows 10\" \/>\n<meta name=\"robots\" content=\"index, follow, max-snippet:-1, max-image-preview:large, max-video-preview:-1\" \/>\n<link rel=\"canonical\" href=\"https:\/\/www.iumkit.net\/portail\/deployment-ium-kit\/fonctionnalites-dik\/\" \/>\n<meta property=\"og:locale\" content=\"fr_FR\" \/>\n<meta property=\"og:type\" content=\"article\" \/>\n<meta property=\"og:title\" content=\"Fonctionnalit\u00e9s Deployment Ium Kit\" \/>\n<meta property=\"og:description\" content=\"DIK permet de configurer Windows de fa\u00e7on simplifi\u00e9e, explorateur, services Windows, installer plusieurs logiciels, d\u00e9sinstaller les applications Windows 10\" \/>\n<meta property=\"og:url\" content=\"https:\/\/www.iumkit.net\/portail\/deployment-ium-kit\/fonctionnalites-dik\/\" \/>\n<meta property=\"og:site_name\" content=\"IumKit.net\" \/>\n<meta property=\"article:modified_time\" content=\"2022-07-25T11:21:06+00:00\" \/>\n<meta name=\"twitter:card\" content=\"summary_large_image\" \/>\n<meta name=\"twitter:label1\" content=\"Dur\u00e9e de lecture estim\u00e9e\" \/>\n\t<meta name=\"twitter:data1\" content=\"5 minutes\" \/>\n<script type=\"application\/ld+json\" class=\"yoast-schema-graph\">{\"@context\":\"https:\/\/schema.org\",\"@graph\":[{\"@type\":\"WebPage\",\"@id\":\"https:\/\/www.iumkit.net\/portail\/deployment-ium-kit\/fonctionnalites-dik\/\",\"url\":\"https:\/\/www.iumkit.net\/portail\/deployment-ium-kit\/fonctionnalites-dik\/\",\"name\":\"Fonctionnalit\u00e9s Deployment Ium Kit\",\"isPartOf\":{\"@id\":\"https:\/\/www.iumkit.net\/portail\/#website\"},\"datePublished\":\"2017-03-31T17:47:04+00:00\",\"dateModified\":\"2022-07-25T11:21:06+00:00\",\"description\":\"DIK permet de configurer Windows de fa\u00e7on simplifi\u00e9e, explorateur, services Windows, installer plusieurs logiciels, d\u00e9sinstaller les applications Windows 10\",\"breadcrumb\":{\"@id\":\"https:\/\/www.iumkit.net\/portail\/deployment-ium-kit\/fonctionnalites-dik\/#breadcrumb\"},\"inLanguage\":\"fr-FR\",\"potentialAction\":[{\"@type\":\"ReadAction\",\"target\":[\"https:\/\/www.iumkit.net\/portail\/deployment-ium-kit\/fonctionnalites-dik\/\"]}]},{\"@type\":\"BreadcrumbList\",\"@id\":\"https:\/\/www.iumkit.net\/portail\/deployment-ium-kit\/fonctionnalites-dik\/#breadcrumb\",\"itemListElement\":[{\"@type\":\"ListItem\",\"position\":1,\"name\":\"Accueil\",\"item\":\"https:\/\/www.iumkit.net\/portail\/\"},{\"@type\":\"ListItem\",\"position\":2,\"name\":\"DIK Wizard (Deployment Ium Kit)\",\"item\":\"https:\/\/www.iumkit.net\/portail\/deployment-ium-kit\/\"},{\"@type\":\"ListItem\",\"position\":3,\"name\":\"D\u00e9tails des fonctionnalit\u00e9s de DIK\"}]},{\"@type\":\"WebSite\",\"@id\":\"https:\/\/www.iumkit.net\/portail\/#website\",\"url\":\"https:\/\/www.iumkit.net\/portail\/\",\"name\":\"IumKit.net\",\"description\":\"Simplifiez-vous Windows\",\"publisher\":{\"@id\":\"https:\/\/www.iumkit.net\/portail\/#organization\"},\"potentialAction\":[{\"@type\":\"SearchAction\",\"target\":{\"@type\":\"EntryPoint\",\"urlTemplate\":\"https:\/\/www.iumkit.net\/portail\/?s={search_term_string}\"},\"query-input\":{\"@type\":\"PropertyValueSpecification\",\"valueRequired\":true,\"valueName\":\"search_term_string\"}}],\"inLanguage\":\"fr-FR\"},{\"@type\":\"Organization\",\"@id\":\"https:\/\/www.iumkit.net\/portail\/#organization\",\"name\":\"iumKit\",\"url\":\"https:\/\/www.iumkit.net\/portail\/\",\"logo\":{\"@type\":\"ImageObject\",\"inLanguage\":\"fr-FR\",\"@id\":\"https:\/\/www.iumkit.net\/portail\/#\/schema\/logo\/image\/\",\"url\":\"https:\/\/www.iumkit.net\/portail\/wp-content\/uploads\/2017\/03\/logo-iumkit-1.png\",\"contentUrl\":\"https:\/\/www.iumkit.net\/portail\/wp-content\/uploads\/2017\/03\/logo-iumkit-1.png\",\"width\":287,\"height\":83,\"caption\":\"iumKit\"},\"image\":{\"@id\":\"https:\/\/www.iumkit.net\/portail\/#\/schema\/logo\/image\/\"},\"sameAs\":[\"https:\/\/www.youtube.com\/user\/iumkitwindows\"]}]}<\/script>\n<!-- \/ Yoast SEO plugin. -->","yoast_head_json":{"title":"Fonctionnalit\u00e9s Deployment Ium Kit","description":"DIK permet de configurer Windows de fa\u00e7on simplifi\u00e9e, explorateur, services Windows, installer plusieurs logiciels, d\u00e9sinstaller les applications Windows 10","robots":{"index":"index","follow":"follow","max-snippet":"max-snippet:-1","max-image-preview":"max-image-preview:large","max-video-preview":"max-video-preview:-1"},"canonical":"https:\/\/www.iumkit.net\/portail\/deployment-ium-kit\/fonctionnalites-dik\/","og_locale":"fr_FR","og_type":"article","og_title":"Fonctionnalit\u00e9s Deployment Ium Kit","og_description":"DIK permet de configurer Windows de fa\u00e7on simplifi\u00e9e, explorateur, services Windows, installer plusieurs logiciels, d\u00e9sinstaller les applications Windows 10","og_url":"https:\/\/www.iumkit.net\/portail\/deployment-ium-kit\/fonctionnalites-dik\/","og_site_name":"IumKit.net","article_modified_time":"2022-07-25T11:21:06+00:00","twitter_card":"summary_large_image","twitter_misc":{"Dur\u00e9e de lecture estim\u00e9e":"5 minutes"},"schema":{"@context":"https:\/\/schema.org","@graph":[{"@type":"WebPage","@id":"https:\/\/www.iumkit.net\/portail\/deployment-ium-kit\/fonctionnalites-dik\/","url":"https:\/\/www.iumkit.net\/portail\/deployment-ium-kit\/fonctionnalites-dik\/","name":"Fonctionnalit\u00e9s Deployment Ium Kit","isPartOf":{"@id":"https:\/\/www.iumkit.net\/portail\/#website"},"datePublished":"2017-03-31T17:47:04+00:00","dateModified":"2022-07-25T11:21:06+00:00","description":"DIK permet de configurer Windows de fa\u00e7on simplifi\u00e9e, explorateur, services Windows, installer plusieurs logiciels, d\u00e9sinstaller les applications Windows 10","breadcrumb":{"@id":"https:\/\/www.iumkit.net\/portail\/deployment-ium-kit\/fonctionnalites-dik\/#breadcrumb"},"inLanguage":"fr-FR","potentialAction":[{"@type":"ReadAction","target":["https:\/\/www.iumkit.net\/portail\/deployment-ium-kit\/fonctionnalites-dik\/"]}]},{"@type":"BreadcrumbList","@id":"https:\/\/www.iumkit.net\/portail\/deployment-ium-kit\/fonctionnalites-dik\/#breadcrumb","itemListElement":[{"@type":"ListItem","position":1,"name":"Accueil","item":"https:\/\/www.iumkit.net\/portail\/"},{"@type":"ListItem","position":2,"name":"DIK Wizard (Deployment Ium Kit)","item":"https:\/\/www.iumkit.net\/portail\/deployment-ium-kit\/"},{"@type":"ListItem","position":3,"name":"D\u00e9tails des fonctionnalit\u00e9s de DIK"}]},{"@type":"WebSite","@id":"https:\/\/www.iumkit.net\/portail\/#website","url":"https:\/\/www.iumkit.net\/portail\/","name":"IumKit.net","description":"Simplifiez-vous Windows","publisher":{"@id":"https:\/\/www.iumkit.net\/portail\/#organization"},"potentialAction":[{"@type":"SearchAction","target":{"@type":"EntryPoint","urlTemplate":"https:\/\/www.iumkit.net\/portail\/?s={search_term_string}"},"query-input":{"@type":"PropertyValueSpecification","valueRequired":true,"valueName":"search_term_string"}}],"inLanguage":"fr-FR"},{"@type":"Organization","@id":"https:\/\/www.iumkit.net\/portail\/#organization","name":"iumKit","url":"https:\/\/www.iumkit.net\/portail\/","logo":{"@type":"ImageObject","inLanguage":"fr-FR","@id":"https:\/\/www.iumkit.net\/portail\/#\/schema\/logo\/image\/","url":"https:\/\/www.iumkit.net\/portail\/wp-content\/uploads\/2017\/03\/logo-iumkit-1.png","contentUrl":"https:\/\/www.iumkit.net\/portail\/wp-content\/uploads\/2017\/03\/logo-iumkit-1.png","width":287,"height":83,"caption":"iumKit"},"image":{"@id":"https:\/\/www.iumkit.net\/portail\/#\/schema\/logo\/image\/"},"sameAs":["https:\/\/www.youtube.com\/user\/iumkitwindows"]}]}},"_links":{"self":[{"href":"https:\/\/www.iumkit.net\/portail\/wp-json\/wp\/v2\/pages\/1439","targetHints":{"allow":["GET"]}}],"collection":[{"href":"https:\/\/www.iumkit.net\/portail\/wp-json\/wp\/v2\/pages"}],"about":[{"href":"https:\/\/www.iumkit.net\/portail\/wp-json\/wp\/v2\/types\/page"}],"author":[{"embeddable":true,"href":"https:\/\/www.iumkit.net\/portail\/wp-json\/wp\/v2\/users\/1"}],"replies":[{"embeddable":true,"href":"https:\/\/www.iumkit.net\/portail\/wp-json\/wp\/v2\/comments?post=1439"}],"version-history":[{"count":0,"href":"https:\/\/www.iumkit.net\/portail\/wp-json\/wp\/v2\/pages\/1439\/revisions"}],"up":[{"embeddable":true,"href":"https:\/\/www.iumkit.net\/portail\/wp-json\/wp\/v2\/pages\/1034"}],"wp:attachment":[{"href":"https:\/\/www.iumkit.net\/portail\/wp-json\/wp\/v2\/media?parent=1439"}],"curies":[{"name":"wp","href":"https:\/\/api.w.org\/{rel}","templated":true}]}}