{"id":1688,"date":"2022-07-06T14:00:19","date_gmt":"2022-07-06T13:00:19","guid":{"rendered":"https:\/\/www.iumkit.net\/portail\/?page_id=1688"},"modified":"2024-10-18T20:14:00","modified_gmt":"2024-10-18T19:14:00","slug":"setup-patchium","status":"publish","type":"page","link":"https:\/\/www.iumkit.net\/portail\/setup-patchium\/","title":{"rendered":"Setup Patchium"},"content":{"rendered":"<p style=\"text-align: center;\"><span style=\"font-size: x-large; color: #333399;\"><img decoding=\"async\" style=\"vertical-align: baseline; width: 155px; height: 142px;\" src=\"https:\/\/www.iumkit.net\/portail\/wp-content\/uploads\/2022\/12\/SetupPatchium.png\" alt=\"Without microsoft account\" class=\"\"><\/span><\/p>\n<h3><span style=\"color: #333399;\">Setup Patchium<\/span> permet de personnaliser l&rsquo;installation de Windows 10\/11 en modifiant l&rsquo;ISO d&rsquo;installation :<\/h3>\n<ul>\n<li>Retirez les restrictions de compatibilit\u00e9 Windows 11 (TPM, UEFI, CPU. M\u00e9thode PE\/Boot.wim).<\/li>\n<li>R\u00e9activez l&rsquo;ancienne version du Setup sur Windows 11 24h2 et sup\u00e9rieurs.<\/li>\n<li>Remplacez la derni\u00e8re phase d&rsquo;installation (OOBE) de W10\/W11 par IumOOBE pour \u00e9viter la multitude d&rsquo;options et \u00e9viter l&rsquo;utilisation ou la cr\u00e9ation obligatoire d&rsquo;un compte en ligne Microsoft.<\/li>\n<li>D\u00e9sactivez le chiffrement automatique par Bitlocker (en utilisant IumOOBE).<\/li>\n<li>Aucune option de confidentialit\u00e9 ne sera pr\u00e9sente sur IumOOBE (<a href=\"https:\/\/www.iumkit.net\/portail\/wp-content\/gallery\/setuppatchium\/OOBE2.jpg\">les options seront \u00e9quivalentes \u00e0 \u00ab\u00a0NON\u00a0\u00bb<\/a>).<\/li>\n<li>Aucun fichier syst\u00e8me n&rsquo;est modifi\u00e9, l&rsquo;assistant IumOOBE sera configur\u00e9 et lanc\u00e9 gr\u00e2ce au fichier \u00ab\u00a0unattend.xml\u00a0\u00bb.<\/li>\n<\/ul>\n<blockquote><p><strong>Astuce<\/strong> : Afin de r\u00e9duire la taille de l&rsquo;image, il est possible de supprimer la mise \u00e0 niveau (onglet \u00ab\u00a0Install\u00a0\u00bb) sur Windows 11 24h2 <strong><span>\u00e0 condition de cocher l&rsquo;option \u00ab\u00a0Utiliser l&rsquo;ancien Setup\u00a0\u00bb (onglet \u00ab\u00a0Install PE\u00a0\u00bb).<\/span><\/strong><\/p><\/blockquote>\n<p>&nbsp;<\/p>\n<!-- index.php -->\n<div\n\tclass=\"ngg-galleryoverview ngg-ajax-pagination-none\"\n\tid=\"ngg-gallery-668e57e24140eea334464b41468cb138-1\">\n\n    \t\t<!-- Thumbnails -->\n\t\t\t\t<div id=\"ngg-image-0\" class=\"ngg-gallery-thumbnail-box\" >\n\t\t\t\t        <div class=\"ngg-gallery-thumbnail\">\n            <a href=\"https:\/\/www.iumkit.net\/portail\/wp-content\/gallery\/setuppatchium\/01.jpg\"\n               title=\"\"\n               data-src=\"https:\/\/www.iumkit.net\/portail\/wp-content\/gallery\/setuppatchium\/01.jpg\"\n               data-thumbnail=\"https:\/\/www.iumkit.net\/portail\/wp-content\/gallery\/setuppatchium\/thumbs\/thumbs_01.jpg\"\n               data-image-id=\"16\"\n               data-title=\"Compatibilit\u00e9 Legacy Windows 11\"\n               data-description=\"\"\n               data-image-slug=\"01-1\"\n               class=\"ngg-simplelightbox\" rel=\"668e57e24140eea334464b41468cb138\">\n                <img\n                    title=\"Compatibilit\u00e9 Legacy Windows 11\"\n                    alt=\"Compatibilit\u00e9 Legacy Windows 11\"\n                    src=\"https:\/\/www.iumkit.net\/portail\/wp-content\/gallery\/setuppatchium\/thumbs\/thumbs_01.jpg\"\n                    width=\"240\"\n                    height=\"160\"\n                    style=\"max-width:100%;\"\n                \/>\n            <\/a>\n        <\/div>\n\t\t\t\t\t\t\t<\/div> \n\t\t\t\n                            \n\t\t\t\t<div id=\"ngg-image-1\" class=\"ngg-gallery-thumbnail-box\" >\n\t\t\t\t        <div class=\"ngg-gallery-thumbnail\">\n            <a href=\"https:\/\/www.iumkit.net\/portail\/wp-content\/gallery\/setuppatchium\/02.jpg\"\n               title=\"\"\n               data-src=\"https:\/\/www.iumkit.net\/portail\/wp-content\/gallery\/setuppatchium\/02.jpg\"\n               data-thumbnail=\"https:\/\/www.iumkit.net\/portail\/wp-content\/gallery\/setuppatchium\/thumbs\/thumbs_02.jpg\"\n               data-image-id=\"17\"\n               data-title=\"OOBE simplifi\u00e9 sans compte Microsoft\"\n               data-description=\"\"\n               data-image-slug=\"02-1\"\n               class=\"ngg-simplelightbox\" rel=\"668e57e24140eea334464b41468cb138\">\n                <img\n                    title=\"OOBE simplifi\u00e9 sans compte Microsoft\"\n                    alt=\"OOBE simplifi\u00e9 sans compte Microsoft\"\n                    src=\"https:\/\/www.iumkit.net\/portail\/wp-content\/gallery\/setuppatchium\/thumbs\/thumbs_02.jpg\"\n                    width=\"240\"\n                    height=\"160\"\n                    style=\"max-width:100%;\"\n                \/>\n            <\/a>\n        <\/div>\n\t\t\t\t\t\t\t<\/div> \n\t\t\t\n                                    <br style=\"clear: both\" \/>\n                    \n\t\t\t\t<div id=\"ngg-image-2\" class=\"ngg-gallery-thumbnail-box\" >\n\t\t\t\t        <div class=\"ngg-gallery-thumbnail\">\n            <a href=\"https:\/\/www.iumkit.net\/portail\/wp-content\/gallery\/setuppatchium\/03.jpg\"\n               title=\"\"\n               data-src=\"https:\/\/www.iumkit.net\/portail\/wp-content\/gallery\/setuppatchium\/03.jpg\"\n               data-thumbnail=\"https:\/\/www.iumkit.net\/portail\/wp-content\/gallery\/setuppatchium\/thumbs\/thumbs_03.jpg\"\n               data-image-id=\"18\"\n               data-title=\"Ajouter setup DIK\"\n               data-description=\"\"\n               data-image-slug=\"03-1\"\n               class=\"ngg-simplelightbox\" rel=\"668e57e24140eea334464b41468cb138\">\n                <img\n                    title=\"Ajouter setup DIK\"\n                    alt=\"Ajouter setup DIK\"\n                    src=\"https:\/\/www.iumkit.net\/portail\/wp-content\/gallery\/setuppatchium\/thumbs\/thumbs_03.jpg\"\n                    width=\"240\"\n                    height=\"160\"\n                    style=\"max-width:100%;\"\n                \/>\n            <\/a>\n        <\/div>\n\t\t\t\t\t\t\t<\/div> \n\t\t\t\n                            \n\t\t\t\t<div id=\"ngg-image-3\" class=\"ngg-gallery-thumbnail-box\" >\n\t\t\t\t        <div class=\"ngg-gallery-thumbnail\">\n            <a href=\"https:\/\/www.iumkit.net\/portail\/wp-content\/gallery\/setuppatchium\/oobe.jpg\"\n               title=\"\"\n               data-src=\"https:\/\/www.iumkit.net\/portail\/wp-content\/gallery\/setuppatchium\/oobe.jpg\"\n               data-thumbnail=\"https:\/\/www.iumkit.net\/portail\/wp-content\/gallery\/setuppatchium\/thumbs\/thumbs_oobe.jpg\"\n               data-image-id=\"19\"\n               data-title=\"Phase finale installation OOBE\"\n               data-description=\"\"\n               data-image-slug=\"oobe\"\n               class=\"ngg-simplelightbox\" rel=\"668e57e24140eea334464b41468cb138\">\n                <img\n                    title=\"Phase finale installation OOBE\"\n                    alt=\"Phase finale installation OOBE\"\n                    src=\"https:\/\/www.iumkit.net\/portail\/wp-content\/gallery\/setuppatchium\/thumbs\/thumbs_oobe.jpg\"\n                    width=\"240\"\n                    height=\"160\"\n                    style=\"max-width:100%;\"\n                \/>\n            <\/a>\n        <\/div>\n\t\t\t\t\t\t\t<\/div> \n\t\t\t\n                                    <br style=\"clear: both\" \/>\n                    \n\t\t\n\t\t<!-- Pagination -->\n\t<div class='ngg-clear'><\/div>\t<\/div>\n\n<ul>\n<li>Cet outil utilise la m\u00e9thode de la modification registre (boot.wim) pour bypass la compatibilit\u00e9 Windows 11 :<\/li>\n<\/ul>\n<p>&#8211; BypassTPMCheck (labconfig)<br \/>\n&#8211; BypassSecureBootCheck (labconfig)<br \/>\n&#8211; BypassRAMCheck (labconfig)<\/p>\n<ul>\n<li>Ainsi que cette m\u00e9thode en phase OOBE pour d\u00e9sactiver le chiffrement automatique par BitLocker :<\/li>\n<\/ul>\n<p>&#8211; PreventDeviceEncryption<\/p>\n<p>&nbsp;<\/p>\n<p><strong>Ils en parlent avec tutoriel :<\/strong><\/p>\n<p><a href=\"https:\/\/www.justgeek.fr\/creer-un-iso-de-windows-11-compatible-avec-nimporte-quel-pc-116356\/\"><img loading=\"lazy\" decoding=\"async\" src=\"https:\/\/www.iumkit.net\/portail\/wp-content\/uploads\/2023\/11\/logo-justgeek-header-dark.png\" alt=\"\" width=\"145\" height=\"28\" class=\"alignnone size-full wp-image-2028\"><\/a><\/p>\n<h2><a href=\"https:\/\/www.iumkit.net\/portail\/wp-content\/uploads\/downloads\/Setup_Patchium.zip\">T\u00e9l\u00e9chargement<\/a><\/h2>\n<p><strong>Compatible : <\/strong>Syst\u00e8mes d&rsquo;exploitations Windows 10 1809+ (64-bits) et Windows 11 22H2\/23H2\/24H2<\/p>\n<p><strong>Langues :&nbsp; <\/strong>Fran\u00e7ais, Anglais (partiel)<\/p>\n<p><strong>Historique :<\/strong><\/p>\n<p>18\/10\/2024 : 1.8.0.0 :<br \/>\n&#8211; Possibilit\u00e9 de r\u00e9activer (par d\u00e9faut) l&rsquo;ancienne version du Setup sur Windows 11 24h2<br \/>\n&#8211; Mise \u00e0 jour d&rsquo;IumOOBE qui d\u00e9sactive automatiquement le chiffrement Bitlocker impos\u00e9.<\/p>\n<p>04\/10\/2024 : 1.7.2.1 :<br \/>\n&#8211; Ajout d&rsquo;un Label : &lsquo;Option de la suppression de la mise \u00e0 niveau NON compatible avec 24h2&rsquo;<\/p>\n<p>04\/10\/2024 : 1.7.2.0 :<br \/>\n&#8211; Corrections de bugs concernant le t\u00e9l\u00e9chargement\/d\u00e9compression du Setup DIK Wizard<br \/>\n&#8211; Suppression de l&rsquo;Assistant de t\u00e9l\u00e9chargement Setup DIK Wizard (faux positifs)<\/p>\n<p>05\/11\/2023 : 1.7.1.0 :<br \/>\n&#8211; Patchium : Le script runonce_regedit.reg est d\u00e9sactiv\u00e9 par d\u00e9faut afin d&rsquo;\u00e9viter l&rsquo;interaction UAC.<br \/>\n&#8212; Pour utiliser des scripts runonce personnalis\u00e9s, convertissez vos fichiers \u00ab\u00a0.reg\u00a0\u00bb en batch, inclure les lignes dans \u00ab\u00a0batch_runonce.cmd\u00a0\u00bb.<\/p>\n<p>24\/09\/2023 : 1.7.0.0 :<br \/>\n&#8211; Patchium : Possibilit\u00e9 d\u2019ex\u00e9cuter des scripts en Runonce (IumOobe &#8211; batch_runonce.cmd)<br \/>\n&#8211; Patchium : Si vous mettez \u00e0 jour IumOobe, les fichiers annexes tels que &lsquo;Setupcomcomplete.cmd&rsquo; ne seront plus \u00e9cras\u00e9s si d\u00e9j\u00e0 pr\u00e9sents. Un choix sera propos\u00e9.<\/p>\n<p>20\/09\/2023 : 1.6.7.0 :<br \/>\n&#8211; IumOOBE : Design responsive<br \/>\n&#8211; IumOOBE : Optimisations<br \/>\n&#8211; Patchium : Ergonomie<br \/>\n&#8211; Patchium : Ajout mention compatibilit\u00e9 23H2.<\/p>\n<p>14\/12\/2022 : 1.6.6.0 :<br \/>\n&#8211; Mise \u00e0 jour design DIK-Download + correction faux positif<br \/>\n&#8211; Mise \u00e0 jour ic\u00f4ne application<\/p>\n<p>23\/09\/2022 : 1.6.5.0 :<br \/>\n&#8211; Autoriser la mise \u00e0 niveau sur PC non compatible (en montant l&rsquo;ISO nouvellement cr\u00e9\u00e9)<br \/>\n&#8211; Diverses am\u00e9liorations : Traduction, interface<\/p>\n<p>31\/07\/2022 : 1.6.0.0 :<br \/>\n&#8211; Possibilit\u00e9 de supprimer la mise \u00e0 niveau et les fichiers associ\u00e9s<br \/>\n&#8211; Possibilit\u00e9 d&rsquo;int\u00e9grer DIK en version Offline<br \/>\n&#8211; IumOOBE : Le mot de passe n&rsquo;expire pas (invitation \u00e0 le changer)<\/p>\n<p>24\/07\/2022 : 1.5.0.0 :<br \/>\n&#8211; Traduction en anglais pour Setup Patchium, IumOOBE<br \/>\n&#8211; IumOOBE : Diverses am\u00e9liorations<br \/>\n&#8211; DIK-Download (bureau) : Diverses am\u00e9liorations et correction faux positif.<\/p>\n<p>11\/07\/2022 : 1.0.2.2 :<br \/>\n&#8211; Compatible avec les ISO autres que FR.<br \/>\n08\/07\/2022 : 1ere version.<\/p>\n<p>&nbsp;<\/p>\n<p><b>&nbsp;<\/b><\/p>\n","protected":false},"excerpt":{"rendered":"<p>Setup Patchium permet de personnaliser l&rsquo;installation de Windows 10\/11 en modifiant l&rsquo;ISO d&rsquo;installation : Retirez les restrictions de compatibilit\u00e9 Windows 11 (TPM, UEFI, CPU. M\u00e9thode PE\/Boot.wim). R\u00e9activez l&rsquo;ancienne version du Setup sur Windows 11 24h2 et sup\u00e9rieurs. Remplacez la derni\u00e8re phase d&rsquo;installation (OOBE) de W10\/W11 par IumOOBE pour \u00e9viter la [&hellip;]<\/p>\n","protected":false},"author":1,"featured_media":0,"parent":0,"menu_order":3,"comment_status":"closed","ping_status":"closed","template":"page-templates\/template-page-sidebar.php","meta":{"ngg_post_thumbnail":0,"footnotes":""},"class_list":["post-1688","page","type-page","status-publish","hentry"],"yoast_head":"<!-- This site is optimized with the Yoast SEO plugin v26.7 - https:\/\/yoast.com\/wordpress\/plugins\/seo\/ -->\n<title>Setup Patchium &#8226; IumKit.net<\/title>\n<meta name=\"description\" content=\"Installer Windows 11 sans compte Microsoft. Comment installer Windows 11 sur anciens PC. Installer Windows en local.\" \/>\n<meta name=\"robots\" content=\"index, follow, max-snippet:-1, max-image-preview:large, max-video-preview:-1\" \/>\n<link rel=\"canonical\" href=\"https:\/\/www.iumkit.net\/portail\/setup-patchium\/\" \/>\n<meta property=\"og:locale\" content=\"fr_FR\" \/>\n<meta property=\"og:type\" content=\"article\" \/>\n<meta property=\"og:title\" content=\"Setup Patchium &#8226; IumKit.net\" \/>\n<meta property=\"og:description\" content=\"Installer Windows 11 sans compte Microsoft. Comment installer Windows 11 sur anciens PC. Installer Windows en local.\" \/>\n<meta property=\"og:url\" content=\"https:\/\/www.iumkit.net\/portail\/setup-patchium\/\" \/>\n<meta property=\"og:site_name\" content=\"IumKit.net\" \/>\n<meta property=\"article:modified_time\" content=\"2024-10-18T19:14:00+00:00\" \/>\n<meta property=\"og:image\" content=\"https:\/\/www.iumkit.net\/portail\/wp-content\/uploads\/2022\/12\/SetupPatchium.png\" \/>\n<meta name=\"twitter:card\" content=\"summary_large_image\" \/>\n<meta name=\"twitter:label1\" content=\"Dur\u00e9e de lecture estim\u00e9e\" \/>\n\t<meta name=\"twitter:data1\" content=\"3 minutes\" \/>\n<script type=\"application\/ld+json\" class=\"yoast-schema-graph\">{\"@context\":\"https:\/\/schema.org\",\"@graph\":[{\"@type\":\"WebPage\",\"@id\":\"https:\/\/www.iumkit.net\/portail\/setup-patchium\/\",\"url\":\"https:\/\/www.iumkit.net\/portail\/setup-patchium\/\",\"name\":\"Setup Patchium &#8226; IumKit.net\",\"isPartOf\":{\"@id\":\"https:\/\/www.iumkit.net\/portail\/#website\"},\"primaryImageOfPage\":{\"@id\":\"https:\/\/www.iumkit.net\/portail\/setup-patchium\/#primaryimage\"},\"image\":{\"@id\":\"https:\/\/www.iumkit.net\/portail\/setup-patchium\/#primaryimage\"},\"thumbnailUrl\":\"https:\/\/www.iumkit.net\/portail\/wp-content\/uploads\/2022\/12\/SetupPatchium.png\",\"datePublished\":\"2022-07-06T13:00:19+00:00\",\"dateModified\":\"2024-10-18T19:14:00+00:00\",\"description\":\"Installer Windows 11 sans compte Microsoft. Comment installer Windows 11 sur anciens PC. Installer Windows en local.\",\"breadcrumb\":{\"@id\":\"https:\/\/www.iumkit.net\/portail\/setup-patchium\/#breadcrumb\"},\"inLanguage\":\"fr-FR\",\"potentialAction\":[{\"@type\":\"ReadAction\",\"target\":[\"https:\/\/www.iumkit.net\/portail\/setup-patchium\/\"]}]},{\"@type\":\"ImageObject\",\"inLanguage\":\"fr-FR\",\"@id\":\"https:\/\/www.iumkit.net\/portail\/setup-patchium\/#primaryimage\",\"url\":\"https:\/\/www.iumkit.net\/portail\/wp-content\/uploads\/2022\/12\/SetupPatchium.png\",\"contentUrl\":\"https:\/\/www.iumkit.net\/portail\/wp-content\/uploads\/2022\/12\/SetupPatchium.png\",\"width\":124,\"height\":107},{\"@type\":\"BreadcrumbList\",\"@id\":\"https:\/\/www.iumkit.net\/portail\/setup-patchium\/#breadcrumb\",\"itemListElement\":[{\"@type\":\"ListItem\",\"position\":1,\"name\":\"Accueil\",\"item\":\"https:\/\/www.iumkit.net\/portail\/\"},{\"@type\":\"ListItem\",\"position\":2,\"name\":\"Setup Patchium\"}]},{\"@type\":\"WebSite\",\"@id\":\"https:\/\/www.iumkit.net\/portail\/#website\",\"url\":\"https:\/\/www.iumkit.net\/portail\/\",\"name\":\"IumKit.net\",\"description\":\"Simplifiez-vous Windows\",\"publisher\":{\"@id\":\"https:\/\/www.iumkit.net\/portail\/#organization\"},\"potentialAction\":[{\"@type\":\"SearchAction\",\"target\":{\"@type\":\"EntryPoint\",\"urlTemplate\":\"https:\/\/www.iumkit.net\/portail\/?s={search_term_string}\"},\"query-input\":{\"@type\":\"PropertyValueSpecification\",\"valueRequired\":true,\"valueName\":\"search_term_string\"}}],\"inLanguage\":\"fr-FR\"},{\"@type\":\"Organization\",\"@id\":\"https:\/\/www.iumkit.net\/portail\/#organization\",\"name\":\"iumKit\",\"url\":\"https:\/\/www.iumkit.net\/portail\/\",\"logo\":{\"@type\":\"ImageObject\",\"inLanguage\":\"fr-FR\",\"@id\":\"https:\/\/www.iumkit.net\/portail\/#\/schema\/logo\/image\/\",\"url\":\"https:\/\/www.iumkit.net\/portail\/wp-content\/uploads\/2017\/03\/logo-iumkit-1.png\",\"contentUrl\":\"https:\/\/www.iumkit.net\/portail\/wp-content\/uploads\/2017\/03\/logo-iumkit-1.png\",\"width\":287,\"height\":83,\"caption\":\"iumKit\"},\"image\":{\"@id\":\"https:\/\/www.iumkit.net\/portail\/#\/schema\/logo\/image\/\"},\"sameAs\":[\"https:\/\/www.youtube.com\/user\/iumkitwindows\"]}]}<\/script>\n<!-- \/ Yoast SEO plugin. -->","yoast_head_json":{"title":"Setup Patchium &#8226; IumKit.net","description":"Installer Windows 11 sans compte Microsoft. Comment installer Windows 11 sur anciens PC. Installer Windows en local.","robots":{"index":"index","follow":"follow","max-snippet":"max-snippet:-1","max-image-preview":"max-image-preview:large","max-video-preview":"max-video-preview:-1"},"canonical":"https:\/\/www.iumkit.net\/portail\/setup-patchium\/","og_locale":"fr_FR","og_type":"article","og_title":"Setup Patchium &#8226; IumKit.net","og_description":"Installer Windows 11 sans compte Microsoft. Comment installer Windows 11 sur anciens PC. Installer Windows en local.","og_url":"https:\/\/www.iumkit.net\/portail\/setup-patchium\/","og_site_name":"IumKit.net","article_modified_time":"2024-10-18T19:14:00+00:00","og_image":[{"url":"https:\/\/www.iumkit.net\/portail\/wp-content\/uploads\/2022\/12\/SetupPatchium.png","type":"","width":"","height":""}],"twitter_card":"summary_large_image","twitter_misc":{"Dur\u00e9e de lecture estim\u00e9e":"3 minutes"},"schema":{"@context":"https:\/\/schema.org","@graph":[{"@type":"WebPage","@id":"https:\/\/www.iumkit.net\/portail\/setup-patchium\/","url":"https:\/\/www.iumkit.net\/portail\/setup-patchium\/","name":"Setup Patchium &#8226; IumKit.net","isPartOf":{"@id":"https:\/\/www.iumkit.net\/portail\/#website"},"primaryImageOfPage":{"@id":"https:\/\/www.iumkit.net\/portail\/setup-patchium\/#primaryimage"},"image":{"@id":"https:\/\/www.iumkit.net\/portail\/setup-patchium\/#primaryimage"},"thumbnailUrl":"https:\/\/www.iumkit.net\/portail\/wp-content\/uploads\/2022\/12\/SetupPatchium.png","datePublished":"2022-07-06T13:00:19+00:00","dateModified":"2024-10-18T19:14:00+00:00","description":"Installer Windows 11 sans compte Microsoft. Comment installer Windows 11 sur anciens PC. Installer Windows en local.","breadcrumb":{"@id":"https:\/\/www.iumkit.net\/portail\/setup-patchium\/#breadcrumb"},"inLanguage":"fr-FR","potentialAction":[{"@type":"ReadAction","target":["https:\/\/www.iumkit.net\/portail\/setup-patchium\/"]}]},{"@type":"ImageObject","inLanguage":"fr-FR","@id":"https:\/\/www.iumkit.net\/portail\/setup-patchium\/#primaryimage","url":"https:\/\/www.iumkit.net\/portail\/wp-content\/uploads\/2022\/12\/SetupPatchium.png","contentUrl":"https:\/\/www.iumkit.net\/portail\/wp-content\/uploads\/2022\/12\/SetupPatchium.png","width":124,"height":107},{"@type":"BreadcrumbList","@id":"https:\/\/www.iumkit.net\/portail\/setup-patchium\/#breadcrumb","itemListElement":[{"@type":"ListItem","position":1,"name":"Accueil","item":"https:\/\/www.iumkit.net\/portail\/"},{"@type":"ListItem","position":2,"name":"Setup Patchium"}]},{"@type":"WebSite","@id":"https:\/\/www.iumkit.net\/portail\/#website","url":"https:\/\/www.iumkit.net\/portail\/","name":"IumKit.net","description":"Simplifiez-vous Windows","publisher":{"@id":"https:\/\/www.iumkit.net\/portail\/#organization"},"potentialAction":[{"@type":"SearchAction","target":{"@type":"EntryPoint","urlTemplate":"https:\/\/www.iumkit.net\/portail\/?s={search_term_string}"},"query-input":{"@type":"PropertyValueSpecification","valueRequired":true,"valueName":"search_term_string"}}],"inLanguage":"fr-FR"},{"@type":"Organization","@id":"https:\/\/www.iumkit.net\/portail\/#organization","name":"iumKit","url":"https:\/\/www.iumkit.net\/portail\/","logo":{"@type":"ImageObject","inLanguage":"fr-FR","@id":"https:\/\/www.iumkit.net\/portail\/#\/schema\/logo\/image\/","url":"https:\/\/www.iumkit.net\/portail\/wp-content\/uploads\/2017\/03\/logo-iumkit-1.png","contentUrl":"https:\/\/www.iumkit.net\/portail\/wp-content\/uploads\/2017\/03\/logo-iumkit-1.png","width":287,"height":83,"caption":"iumKit"},"image":{"@id":"https:\/\/www.iumkit.net\/portail\/#\/schema\/logo\/image\/"},"sameAs":["https:\/\/www.youtube.com\/user\/iumkitwindows"]}]}},"_links":{"self":[{"href":"https:\/\/www.iumkit.net\/portail\/wp-json\/wp\/v2\/pages\/1688","targetHints":{"allow":["GET"]}}],"collection":[{"href":"https:\/\/www.iumkit.net\/portail\/wp-json\/wp\/v2\/pages"}],"about":[{"href":"https:\/\/www.iumkit.net\/portail\/wp-json\/wp\/v2\/types\/page"}],"author":[{"embeddable":true,"href":"https:\/\/www.iumkit.net\/portail\/wp-json\/wp\/v2\/users\/1"}],"replies":[{"embeddable":true,"href":"https:\/\/www.iumkit.net\/portail\/wp-json\/wp\/v2\/comments?post=1688"}],"version-history":[{"count":21,"href":"https:\/\/www.iumkit.net\/portail\/wp-json\/wp\/v2\/pages\/1688\/revisions"}],"predecessor-version":[{"id":2124,"href":"https:\/\/www.iumkit.net\/portail\/wp-json\/wp\/v2\/pages\/1688\/revisions\/2124"}],"wp:attachment":[{"href":"https:\/\/www.iumkit.net\/portail\/wp-json\/wp\/v2\/media?parent=1688"}],"curies":[{"name":"wp","href":"https:\/\/api.w.org\/{rel}","templated":true}]}}