{"id":1962,"date":"2023-06-07T14:41:30","date_gmt":"2023-06-07T13:41:30","guid":{"rendered":"https:\/\/www.iumkit.net\/portail\/?page_id=1962"},"modified":"2024-01-06T19:56:33","modified_gmt":"2024-01-06T18:56:33","slug":"robust-backup-robocopy","status":"publish","type":"page","link":"https:\/\/www.iumkit.net\/portail\/robust-backup-robocopy\/","title":{"rendered":"Robust Backup"},"content":{"rendered":"<p style=\"text-align: center;\"><span style=\"font-size: x-large; color: #333399;\"><img decoding=\"async\" style=\"vertical-align: baseline; width: 155px; height: 155px;\" src=\"https:\/\/www.iumkit.net\/portail\/wp-content\/uploads\/2023\/06\/RobustBackup.png\" alt=\"Without microsoft account\" class=\"\"><\/span><\/p>\n<h3><span style=\"color: #333399;\">Robust Backup<\/span> est un outil simple de sauvegarde de ses fichiers.<\/h3>\n<ul>\n<li>Simple d&rsquo;utilisation : Choisissez le dossier source et le dossier destination.<\/li>\n<li>Pratique et intuitif : R\u00e9alise une synchronisation incr\u00e9mentielle, possibilit\u00e9 d&rsquo;ajouter plusieurs t\u00e2ches dans la file d&rsquo;attente en un clic.<\/li>\n<li>Planification : Choisissez une p\u00e9riode pour l&rsquo;ex\u00e9cution de la t\u00e2che (quotidienne, mensuelle&#8230;)<\/li>\n<li>Pour un usage plus pouss\u00e9 : Option clich\u00e9 instantan\u00e9 de volume (copie de fichiers en cours d&rsquo;utilisation), possibilit\u00e9 de cr\u00e9er une liste de dossiers ou fichiers exclus.<\/li>\n<\/ul>\n<p><!-- index.php -->\n<div\n\tclass=\"ngg-galleryoverview ngg-ajax-pagination-none\"\n\tid=\"ngg-gallery-0b6f55ab18349f5cf0b1dd6ee0fe1f91-1\">\n\n    \t\t<!-- Thumbnails -->\n\t\t\t\t<div id=\"ngg-image-0\" class=\"ngg-gallery-thumbnail-box\" >\n\t\t\t\t        <div class=\"ngg-gallery-thumbnail\">\n            <a href=\"https:\/\/www.iumkit.net\/portail\/wp-content\/gallery\/robust-backup\/RobustBackup01.png\"\n               title=\"\"\n               data-src=\"https:\/\/www.iumkit.net\/portail\/wp-content\/gallery\/robust-backup\/RobustBackup01.png\"\n               data-thumbnail=\"https:\/\/www.iumkit.net\/portail\/wp-content\/gallery\/robust-backup\/thumbs\/thumbs_RobustBackup01.png\"\n               data-image-id=\"20\"\n               data-title=\"Robust Backup Home\"\n               data-description=\"\"\n               data-image-slug=\"robustbackup01\"\n               class=\"ngg-simplelightbox\" rel=\"0b6f55ab18349f5cf0b1dd6ee0fe1f91\">\n                <img\n                    title=\"Robust Backup Home\"\n                    alt=\"Robust Backup Home\"\n                    src=\"https:\/\/www.iumkit.net\/portail\/wp-content\/gallery\/robust-backup\/thumbs\/thumbs_RobustBackup01.png\"\n                    width=\"240\"\n                    height=\"160\"\n                    style=\"max-width:100%;\"\n                \/>\n            <\/a>\n        <\/div>\n\t\t\t\t\t\t\t<\/div> \n\t\t\t\n                            \n\t\t\t\t<div id=\"ngg-image-1\" class=\"ngg-gallery-thumbnail-box\" >\n\t\t\t\t        <div class=\"ngg-gallery-thumbnail\">\n            <a href=\"https:\/\/www.iumkit.net\/portail\/wp-content\/gallery\/robust-backup\/RobustBackup02.png\"\n               title=\"\"\n               data-src=\"https:\/\/www.iumkit.net\/portail\/wp-content\/gallery\/robust-backup\/RobustBackup02.png\"\n               data-thumbnail=\"https:\/\/www.iumkit.net\/portail\/wp-content\/gallery\/robust-backup\/thumbs\/thumbs_RobustBackup02.png\"\n               data-image-id=\"21\"\n               data-title=\"Robust Backup Edit source and target\"\n               data-description=\"\"\n               data-image-slug=\"robustbackup02\"\n               class=\"ngg-simplelightbox\" rel=\"0b6f55ab18349f5cf0b1dd6ee0fe1f91\">\n                <img\n                    title=\"Robust Backup Edit source and target\"\n                    alt=\"Robust Backup Edit source and target\"\n                    src=\"https:\/\/www.iumkit.net\/portail\/wp-content\/gallery\/robust-backup\/thumbs\/thumbs_RobustBackup02.png\"\n                    width=\"240\"\n                    height=\"160\"\n                    style=\"max-width:100%;\"\n                \/>\n            <\/a>\n        <\/div>\n\t\t\t\t\t\t\t<\/div> \n\t\t\t\n                                    <br style=\"clear: both\" \/>\n                    \n\t\t\t\t<div id=\"ngg-image-2\" class=\"ngg-gallery-thumbnail-box\" >\n\t\t\t\t        <div class=\"ngg-gallery-thumbnail\">\n            <a href=\"https:\/\/www.iumkit.net\/portail\/wp-content\/gallery\/robust-backup\/RobustBackup03.png\"\n               title=\"\"\n               data-src=\"https:\/\/www.iumkit.net\/portail\/wp-content\/gallery\/robust-backup\/RobustBackup03.png\"\n               data-thumbnail=\"https:\/\/www.iumkit.net\/portail\/wp-content\/gallery\/robust-backup\/thumbs\/thumbs_RobustBackup03.png\"\n               data-image-id=\"22\"\n               data-title=\"Robust Backup incrementielle\"\n               data-description=\"\"\n               data-image-slug=\"robustbackup03\"\n               class=\"ngg-simplelightbox\" rel=\"0b6f55ab18349f5cf0b1dd6ee0fe1f91\">\n                <img\n                    title=\"Robust Backup incrementielle\"\n                    alt=\"Robust Backup incrementielle\"\n                    src=\"https:\/\/www.iumkit.net\/portail\/wp-content\/gallery\/robust-backup\/thumbs\/thumbs_RobustBackup03.png\"\n                    width=\"240\"\n                    height=\"160\"\n                    style=\"max-width:100%;\"\n                \/>\n            <\/a>\n        <\/div>\n\t\t\t\t\t\t\t<\/div> \n\t\t\t\n                            \n\t\t\t\t<div id=\"ngg-image-3\" class=\"ngg-gallery-thumbnail-box\" >\n\t\t\t\t        <div class=\"ngg-gallery-thumbnail\">\n            <a href=\"https:\/\/www.iumkit.net\/portail\/wp-content\/gallery\/robust-backup\/RobustBackup04.png\"\n               title=\"\"\n               data-src=\"https:\/\/www.iumkit.net\/portail\/wp-content\/gallery\/robust-backup\/RobustBackup04.png\"\n               data-thumbnail=\"https:\/\/www.iumkit.net\/portail\/wp-content\/gallery\/robust-backup\/thumbs\/thumbs_RobustBackup04.png\"\n               data-image-id=\"23\"\n               data-title=\"Robust Backup disque sauvegarde favoris\"\n               data-description=\"\"\n               data-image-slug=\"robustbackup04\"\n               class=\"ngg-simplelightbox\" rel=\"0b6f55ab18349f5cf0b1dd6ee0fe1f91\">\n                <img\n                    title=\"Robust Backup disque sauvegarde favoris\"\n                    alt=\"Robust Backup disque sauvegarde favoris\"\n                    src=\"https:\/\/www.iumkit.net\/portail\/wp-content\/gallery\/robust-backup\/thumbs\/thumbs_RobustBackup04.png\"\n                    width=\"240\"\n                    height=\"160\"\n                    style=\"max-width:100%;\"\n                \/>\n            <\/a>\n        <\/div>\n\t\t\t\t\t\t\t<\/div> \n\t\t\t\n                                    <br style=\"clear: both\" \/>\n                    \n\t\t\n\t\t<!-- Pagination -->\n\t<div class='ngg-clear'><\/div>\t<\/div>\n<img loading=\"lazy\" decoding=\"async\" class=\"alignleft\" title=\"by pass compatibilty local account windows 11\" src=\"https:\/\/www.iumkit.net\/portail\/wp-content\/uploads\/icons\/fleche.png\" alt=\"\" width=\"17\" height=\"10\">Cet outil utilise l&rsquo;outil Microsoft Robocopy.<\/p>\n<p>&nbsp;<\/p>\n<p><img loading=\"lazy\" decoding=\"async\" class=\"alignleft\" title=\"by pass compatibilty local account windows 11\" src=\"https:\/\/www.iumkit.net\/portail\/wp-content\/uploads\/icons\/fleche.png\" alt=\"\" width=\"17\" height=\"10\">Robust Backup est un fork de l&rsquo;excellent <a href=\"https:\/\/sourceforge.net\/projects\/robomirror\/\">RoboMirror<\/a> :<\/p>\n<p><strong>Plusieurs modifications ont \u00e9t\u00e9 apport\u00e9es&#8230;<\/strong><\/p>\n<p>&#8211; Mise \u00e0 niveau API AlphaVSS<br \/>\n&#8211; Mise \u00e0 niveau .NET 4.8<br \/>\n&#8211; Compilation pour OS 64-bits (Windows 10 1809 et sup\u00e9rieurs recommand\u00e9s)<br \/>\n&#8211; Langues : Fran\u00e7ais\/ Anglais<br \/>\n&#8211; Am\u00e9lioration ergonomie, ajout de quelques descriptions suppl\u00e9mentaires \u00e0 propos de certaines options, bouclier \u00ab\u00a0admin jaune\u00a0\u00bb pour les options exigeants droits admins&#8230;<br \/>\n&#8211; Possibilit\u00e9 d&rsquo;ajouter plusieurs t\u00e2ches dans la liste d&rsquo;attente en un clic.<br \/>\n&#8211; Une nouvelle option permet de confirmer automatiquement l&rsquo;ex\u00e9cution de la t\u00e2che avec un d\u00e9lais d&rsquo;affichage de 10 secondes.<br \/>\n&#8211; Correction crash si dossier source\/destination n&rsquo;existe plus, l&rsquo;affichage du log sera propos\u00e9.<br \/>\n&#8211; Cr\u00e9ation d&rsquo;un nouveau menu contextuel dans la liste des t\u00e2ches : \u00ab\u00a0Ouvrir dossier source\/destination dans l&rsquo;explorateur de fichier\u00a0\u00bb<br \/>\n&#8211; D\u00e9placement du bouton \u00ab\u00a0Restaurer\u00a0\u00bb dans ce nouveau menu contextuel.<br \/>\n&#8211; Cr\u00e9ation d&rsquo;une option \u00ab\u00a0Destination favorite\u00a0\u00bb.<br \/>\n-Lorsqu&rsquo;on choisis la destination, un dossier sera automatiquement cr\u00e9\u00e9 et identique au nom du dossier source.<br \/>\n&#8211; Lorsqu&rsquo;une t\u00e2che comporte certaines options exigeants des droits administrateurs (VSS\/NTFS \u00e9tendu), un bouclier s&rsquo;affichera en d\u00e9but de ligne dans la liste des t\u00e2ches.<br \/>\n&#8211; Correction erreur au moment de l&rsquo;ex\u00e9cution d&rsquo;une t\u00e2che planifi\u00e9e (pour les options exigeants des droits administrateurs) : Si la planification a \u00e9t\u00e9 configur\u00e9e en tant que non admin).<br \/>\n&#8211; Fen\u00eatre \u00ab\u00a0Parcourir dossier\u00a0\u00bb plus ergonomique.<br \/>\n&#8211; Possibilit\u00e9 d&rsquo;effacer l&rsquo;historique des t\u00e2ches.<\/p>\n<p>&nbsp;<\/p>\n<p><strong>Ils en parlent avec tutoriel :<\/strong><\/p>\n<p><a href=\"https:\/\/www.justgeek.fr\/robust-backup-logiciel-sauvegarde-pc-gratuit-116258\/\"><img loading=\"lazy\" decoding=\"async\" src=\"https:\/\/www.iumkit.net\/portail\/wp-content\/uploads\/2023\/11\/logo-justgeek-header-dark.png\" alt=\"\" width=\"145\" height=\"28\" class=\"alignnone size-full wp-image-2028\"><\/a><\/p>\n<h2>T\u00e9l\u00e9chargement<\/h2>\n<ul>\n<li><strong><span style=\"color: #008000;\">Recommand\u00e9<\/span> : Avec Softs&rsquo;Ium Update v5.1+ (n\u00e9cessite d&rsquo;utiliser Deployment ium Kit pour obtenir Softs&rsquo;Ium)<\/strong><\/li>\n<li><a href=\"https:\/\/sourceforge.net\/projects\/robust-backup\/files\/Robust_Backup\/Robust_Backup_3.1.0.0_Setup.msi\/download\">Version Setup (msi)<\/a><\/li>\n<\/ul>\n<p><strong>Compatible : <\/strong>Syst\u00e8mes d&rsquo;exploitations Windows 10 1809+ (64-bits) et Windows 11.<\/p>\n<p><strong>Langues :&nbsp; <\/strong>Fran\u00e7ais, Anglais<\/p>\n<p>&nbsp;<\/p>\n<h5>Pour passer en \u00ab\u00a0Portable Mode\u00a0\u00bb<br \/>\n(utilisateurs avanc\u00e9s, non recommand\u00e9 en usage quotidien sur son PC) :<\/h5>\n<p>Copier le contenu du dossier Robust Backup (sur cl\u00e9 USB&#8230;) et allez r\u00e9cup\u00e9rer le fichier <strong>AppData\\Local\\RoboMirror\\Tasks.xml<\/strong> pr\u00e9alablement configur\u00e9, le copier dans le nouveau dossier Robust Backup que vous avez portabilis\u00e9, puis le renommer en <strong>TasksPort.xml<\/strong>.<br \/>\nSi vous avez des t\u00e2ches concernant le profil utilisateur qui n&rsquo;est pas forc\u00e9ment identique d&rsquo;une machine \u00e0 l&rsquo;autre, remplacez le nom (exemple ici : \u00ab\u00a0Julie\u00a0\u00bb) par : <strong>var-rb:userprofile<\/strong>.<\/p>\n<p><img loading=\"lazy\" decoding=\"async\" src=\"https:\/\/i.imgur.com\/7g2zHsC.png\" width=\"579\" height=\"112\" class=\"alignnone \"><\/p>\n<p><img loading=\"lazy\" decoding=\"async\" src=\"https:\/\/i.imgur.com\/e3PAMkR.png\" width=\"490\" height=\"223\" class=\"alignnone size-medium\"><\/p>\n<p>&nbsp;<\/p>\n<h2>Changelog<\/h2>\n<p>[3.0.0.2 -&gt; 3.1.0.0]<br \/>\n&#8211; ADVANCED USERS (portable mode) : Add \u00ab\u00a0portable mode\u00a0\u00bb (copy AppData\\Local\\RoboMirror\\Tasks.xml to Tasks<strong>Port<\/strong>.xml in the application folder).<br \/>\n&#8211; ADVANCED USERS (portable mode): Add of a variable specific to Robust Backup: <strong>var-rb:userprofile<\/strong>, equivalent to %UserProfile%. Insertable manually only (config TasksPort.XML file).<\/p>\n<p>[3.0.0.0 -&gt; 3.0.0.2]<\/p>\n<p>&#8211; Responsive app<br \/>\n&#8211; Fix text<br \/>\n&#8211; Add setup *.msi<\/p>\n<p>&nbsp;<\/p>\n<p>&nbsp;<\/p>\n<p>&nbsp;<\/p>\n<p><b>&nbsp;<\/b><\/p>\n","protected":false},"excerpt":{"rendered":"<p>Robust Backup est un outil simple de sauvegarde de ses fichiers. Simple d&rsquo;utilisation : Choisissez le dossier source et le dossier destination. Pratique et intuitif : R\u00e9alise une synchronisation incr\u00e9mentielle, possibilit\u00e9 d&rsquo;ajouter plusieurs t\u00e2ches dans la file d&rsquo;attente en un clic. Planification : Choisissez une p\u00e9riode pour l&rsquo;ex\u00e9cution de la [&hellip;]<\/p>\n","protected":false},"author":1,"featured_media":0,"parent":0,"menu_order":0,"comment_status":"closed","ping_status":"closed","template":"","meta":{"ngg_post_thumbnail":0,"footnotes":""},"class_list":["post-1962","page","type-page","status-publish","hentry"],"yoast_head":"<!-- This site is optimized with the Yoast SEO plugin v26.7 - https:\/\/yoast.com\/wordpress\/plugins\/seo\/ -->\n<title>Robust Backup &#8226; IumKit.net<\/title>\n<meta name=\"description\" content=\"Robust Backup (RoboCopy) permet de r\u00e9aliser des sauvegardes de ses dossiers, fichiers tr\u00e8s facilement. L&#039;application est simple d&#039;utilisation\" \/>\n<meta name=\"robots\" content=\"index, follow, max-snippet:-1, max-image-preview:large, max-video-preview:-1\" \/>\n<link rel=\"canonical\" href=\"https:\/\/www.iumkit.net\/portail\/robust-backup-robocopy\/\" \/>\n<meta property=\"og:locale\" content=\"fr_FR\" \/>\n<meta property=\"og:type\" content=\"article\" \/>\n<meta property=\"og:title\" content=\"Robust Backup &#8226; IumKit.net\" \/>\n<meta property=\"og:description\" content=\"Robust Backup (RoboCopy) permet de r\u00e9aliser des sauvegardes de ses dossiers, fichiers tr\u00e8s facilement. L&#039;application est simple d&#039;utilisation\" \/>\n<meta property=\"og:url\" content=\"https:\/\/www.iumkit.net\/portail\/robust-backup-robocopy\/\" \/>\n<meta property=\"og:site_name\" content=\"IumKit.net\" \/>\n<meta property=\"article:modified_time\" content=\"2024-01-06T18:56:33+00:00\" \/>\n<meta property=\"og:image\" content=\"https:\/\/www.iumkit.net\/portail\/wp-content\/uploads\/2023\/06\/RobustBackup.png\" \/>\n<meta name=\"twitter:card\" content=\"summary_large_image\" \/>\n<meta name=\"twitter:label1\" content=\"Dur\u00e9e de lecture estim\u00e9e\" \/>\n\t<meta name=\"twitter:data1\" content=\"4 minutes\" \/>\n<script type=\"application\/ld+json\" class=\"yoast-schema-graph\">{\"@context\":\"https:\/\/schema.org\",\"@graph\":[{\"@type\":\"WebPage\",\"@id\":\"https:\/\/www.iumkit.net\/portail\/robust-backup-robocopy\/\",\"url\":\"https:\/\/www.iumkit.net\/portail\/robust-backup-robocopy\/\",\"name\":\"Robust Backup &#8226; IumKit.net\",\"isPartOf\":{\"@id\":\"https:\/\/www.iumkit.net\/portail\/#website\"},\"primaryImageOfPage\":{\"@id\":\"https:\/\/www.iumkit.net\/portail\/robust-backup-robocopy\/#primaryimage\"},\"image\":{\"@id\":\"https:\/\/www.iumkit.net\/portail\/robust-backup-robocopy\/#primaryimage\"},\"thumbnailUrl\":\"https:\/\/www.iumkit.net\/portail\/wp-content\/uploads\/2023\/06\/RobustBackup.png\",\"datePublished\":\"2023-06-07T13:41:30+00:00\",\"dateModified\":\"2024-01-06T18:56:33+00:00\",\"description\":\"Robust Backup (RoboCopy) permet de r\u00e9aliser des sauvegardes de ses dossiers, fichiers tr\u00e8s facilement. L'application est simple d'utilisation\",\"breadcrumb\":{\"@id\":\"https:\/\/www.iumkit.net\/portail\/robust-backup-robocopy\/#breadcrumb\"},\"inLanguage\":\"fr-FR\",\"potentialAction\":[{\"@type\":\"ReadAction\",\"target\":[\"https:\/\/www.iumkit.net\/portail\/robust-backup-robocopy\/\"]}]},{\"@type\":\"ImageObject\",\"inLanguage\":\"fr-FR\",\"@id\":\"https:\/\/www.iumkit.net\/portail\/robust-backup-robocopy\/#primaryimage\",\"url\":\"https:\/\/www.iumkit.net\/portail\/wp-content\/uploads\/2023\/06\/RobustBackup.png\",\"contentUrl\":\"https:\/\/www.iumkit.net\/portail\/wp-content\/uploads\/2023\/06\/RobustBackup.png\",\"width\":512,\"height\":512,\"caption\":\"Alternative Robocopy GUI, RoboMirror, RSync Windows\"},{\"@type\":\"BreadcrumbList\",\"@id\":\"https:\/\/www.iumkit.net\/portail\/robust-backup-robocopy\/#breadcrumb\",\"itemListElement\":[{\"@type\":\"ListItem\",\"position\":1,\"name\":\"Accueil\",\"item\":\"https:\/\/www.iumkit.net\/portail\/\"},{\"@type\":\"ListItem\",\"position\":2,\"name\":\"Robust Backup\"}]},{\"@type\":\"WebSite\",\"@id\":\"https:\/\/www.iumkit.net\/portail\/#website\",\"url\":\"https:\/\/www.iumkit.net\/portail\/\",\"name\":\"IumKit.net\",\"description\":\"Simplifiez-vous Windows\",\"publisher\":{\"@id\":\"https:\/\/www.iumkit.net\/portail\/#organization\"},\"potentialAction\":[{\"@type\":\"SearchAction\",\"target\":{\"@type\":\"EntryPoint\",\"urlTemplate\":\"https:\/\/www.iumkit.net\/portail\/?s={search_term_string}\"},\"query-input\":{\"@type\":\"PropertyValueSpecification\",\"valueRequired\":true,\"valueName\":\"search_term_string\"}}],\"inLanguage\":\"fr-FR\"},{\"@type\":\"Organization\",\"@id\":\"https:\/\/www.iumkit.net\/portail\/#organization\",\"name\":\"iumKit\",\"url\":\"https:\/\/www.iumkit.net\/portail\/\",\"logo\":{\"@type\":\"ImageObject\",\"inLanguage\":\"fr-FR\",\"@id\":\"https:\/\/www.iumkit.net\/portail\/#\/schema\/logo\/image\/\",\"url\":\"https:\/\/www.iumkit.net\/portail\/wp-content\/uploads\/2017\/03\/logo-iumkit-1.png\",\"contentUrl\":\"https:\/\/www.iumkit.net\/portail\/wp-content\/uploads\/2017\/03\/logo-iumkit-1.png\",\"width\":287,\"height\":83,\"caption\":\"iumKit\"},\"image\":{\"@id\":\"https:\/\/www.iumkit.net\/portail\/#\/schema\/logo\/image\/\"},\"sameAs\":[\"https:\/\/www.youtube.com\/user\/iumkitwindows\"]}]}<\/script>\n<!-- \/ Yoast SEO plugin. -->","yoast_head_json":{"title":"Robust Backup &#8226; IumKit.net","description":"Robust Backup (RoboCopy) permet de r\u00e9aliser des sauvegardes de ses dossiers, fichiers tr\u00e8s facilement. L'application est simple d'utilisation","robots":{"index":"index","follow":"follow","max-snippet":"max-snippet:-1","max-image-preview":"max-image-preview:large","max-video-preview":"max-video-preview:-1"},"canonical":"https:\/\/www.iumkit.net\/portail\/robust-backup-robocopy\/","og_locale":"fr_FR","og_type":"article","og_title":"Robust Backup &#8226; IumKit.net","og_description":"Robust Backup (RoboCopy) permet de r\u00e9aliser des sauvegardes de ses dossiers, fichiers tr\u00e8s facilement. L'application est simple d'utilisation","og_url":"https:\/\/www.iumkit.net\/portail\/robust-backup-robocopy\/","og_site_name":"IumKit.net","article_modified_time":"2024-01-06T18:56:33+00:00","og_image":[{"url":"https:\/\/www.iumkit.net\/portail\/wp-content\/uploads\/2023\/06\/RobustBackup.png","type":"","width":"","height":""}],"twitter_card":"summary_large_image","twitter_misc":{"Dur\u00e9e de lecture estim\u00e9e":"4 minutes"},"schema":{"@context":"https:\/\/schema.org","@graph":[{"@type":"WebPage","@id":"https:\/\/www.iumkit.net\/portail\/robust-backup-robocopy\/","url":"https:\/\/www.iumkit.net\/portail\/robust-backup-robocopy\/","name":"Robust Backup &#8226; IumKit.net","isPartOf":{"@id":"https:\/\/www.iumkit.net\/portail\/#website"},"primaryImageOfPage":{"@id":"https:\/\/www.iumkit.net\/portail\/robust-backup-robocopy\/#primaryimage"},"image":{"@id":"https:\/\/www.iumkit.net\/portail\/robust-backup-robocopy\/#primaryimage"},"thumbnailUrl":"https:\/\/www.iumkit.net\/portail\/wp-content\/uploads\/2023\/06\/RobustBackup.png","datePublished":"2023-06-07T13:41:30+00:00","dateModified":"2024-01-06T18:56:33+00:00","description":"Robust Backup (RoboCopy) permet de r\u00e9aliser des sauvegardes de ses dossiers, fichiers tr\u00e8s facilement. L'application est simple d'utilisation","breadcrumb":{"@id":"https:\/\/www.iumkit.net\/portail\/robust-backup-robocopy\/#breadcrumb"},"inLanguage":"fr-FR","potentialAction":[{"@type":"ReadAction","target":["https:\/\/www.iumkit.net\/portail\/robust-backup-robocopy\/"]}]},{"@type":"ImageObject","inLanguage":"fr-FR","@id":"https:\/\/www.iumkit.net\/portail\/robust-backup-robocopy\/#primaryimage","url":"https:\/\/www.iumkit.net\/portail\/wp-content\/uploads\/2023\/06\/RobustBackup.png","contentUrl":"https:\/\/www.iumkit.net\/portail\/wp-content\/uploads\/2023\/06\/RobustBackup.png","width":512,"height":512,"caption":"Alternative Robocopy GUI, RoboMirror, RSync Windows"},{"@type":"BreadcrumbList","@id":"https:\/\/www.iumkit.net\/portail\/robust-backup-robocopy\/#breadcrumb","itemListElement":[{"@type":"ListItem","position":1,"name":"Accueil","item":"https:\/\/www.iumkit.net\/portail\/"},{"@type":"ListItem","position":2,"name":"Robust Backup"}]},{"@type":"WebSite","@id":"https:\/\/www.iumkit.net\/portail\/#website","url":"https:\/\/www.iumkit.net\/portail\/","name":"IumKit.net","description":"Simplifiez-vous Windows","publisher":{"@id":"https:\/\/www.iumkit.net\/portail\/#organization"},"potentialAction":[{"@type":"SearchAction","target":{"@type":"EntryPoint","urlTemplate":"https:\/\/www.iumkit.net\/portail\/?s={search_term_string}"},"query-input":{"@type":"PropertyValueSpecification","valueRequired":true,"valueName":"search_term_string"}}],"inLanguage":"fr-FR"},{"@type":"Organization","@id":"https:\/\/www.iumkit.net\/portail\/#organization","name":"iumKit","url":"https:\/\/www.iumkit.net\/portail\/","logo":{"@type":"ImageObject","inLanguage":"fr-FR","@id":"https:\/\/www.iumkit.net\/portail\/#\/schema\/logo\/image\/","url":"https:\/\/www.iumkit.net\/portail\/wp-content\/uploads\/2017\/03\/logo-iumkit-1.png","contentUrl":"https:\/\/www.iumkit.net\/portail\/wp-content\/uploads\/2017\/03\/logo-iumkit-1.png","width":287,"height":83,"caption":"iumKit"},"image":{"@id":"https:\/\/www.iumkit.net\/portail\/#\/schema\/logo\/image\/"},"sameAs":["https:\/\/www.youtube.com\/user\/iumkitwindows"]}]}},"_links":{"self":[{"href":"https:\/\/www.iumkit.net\/portail\/wp-json\/wp\/v2\/pages\/1962","targetHints":{"allow":["GET"]}}],"collection":[{"href":"https:\/\/www.iumkit.net\/portail\/wp-json\/wp\/v2\/pages"}],"about":[{"href":"https:\/\/www.iumkit.net\/portail\/wp-json\/wp\/v2\/types\/page"}],"author":[{"embeddable":true,"href":"https:\/\/www.iumkit.net\/portail\/wp-json\/wp\/v2\/users\/1"}],"replies":[{"embeddable":true,"href":"https:\/\/www.iumkit.net\/portail\/wp-json\/wp\/v2\/comments?post=1962"}],"version-history":[{"count":22,"href":"https:\/\/www.iumkit.net\/portail\/wp-json\/wp\/v2\/pages\/1962\/revisions"}],"predecessor-version":[{"id":2042,"href":"https:\/\/www.iumkit.net\/portail\/wp-json\/wp\/v2\/pages\/1962\/revisions\/2042"}],"wp:attachment":[{"href":"https:\/\/www.iumkit.net\/portail\/wp-json\/wp\/v2\/media?parent=1962"}],"curies":[{"name":"wp","href":"https:\/\/api.w.org\/{rel}","templated":true}]}}