{"id":2064,"date":"2024-06-19T19:11:30","date_gmt":"2024-06-19T18:11:30","guid":{"rendered":"https:\/\/www.iumkit.net\/portail\/?page_id=2064"},"modified":"2024-06-19T19:43:25","modified_gmt":"2024-06-19T18:43:25","slug":"depannium-live-cd-winpe","status":"publish","type":"page","link":"https:\/\/www.iumkit.net\/portail\/depannium-live-cd-winpe\/","title":{"rendered":"D\u00e9pannium Live CD"},"content":{"rendered":"<p style=\"text-align: center;\"><span style=\"font-size: x-large; color: #333399;\"><img loading=\"lazy\" decoding=\"async\" style=\"vertical-align: baseline; width: 140px; height: 140px;\" src=\"https:\/\/www.iumkit.net\/portail\/wp-content\/uploads\/icons\/usb.png\" alt=\"Live CD D\u00e9pannium Windows PE\" class=\"aligncenter\" width=\"256\" height=\"256\"><\/span><\/p>\n<h2>Live WinPE : D\u00e9pannage Windows<\/h2>\n<p><img decoding=\"async\" style=\"width: 17px; height: 10px;\" src=\"http:\/\/www.iumkit.net\/\/portail\/wp-content\/uploads\/icons\/fleche.png\" alt=\"\"> Vous d\u00e9pannez souvent des ordinateurs sous Windows ? Vous pouvez faire des sauvegardes de vos disques, des captures Wim, r\u00e9parer le d\u00e9marrage de Windows, effacer le mot de passe de session Windows, r\u00e9cup\u00e9rer des donn\u00e9es et bien d&rsquo;autres encore. Depannium est la solution !<\/p>\n<p>Plusieurs choix s&rsquo;offrent \u00e0 vous :<\/p>\n<h2><a href=\"https:\/\/www.iumkit.net\/portail\/depannium-lite\/\">La version Lite<\/a> :<\/h2>\n<p><img decoding=\"async\" src=\"http:\/\/www.iumkit.net\/\/portail\/wp-content\/uploads\/icons\/fleche.png\" alt=\"\"> Permet de lire le contenu des disques internes ou externes, permet de modifier des partitions, d&rsquo;effacer le mot de passe de session, d\u00e9chiffrer ou lire un lecteur BitLocker.<\/p>\n<h2><a href=\"https:\/\/www.iumkit.net\/portail\/depannium-classique-iso\/\">La version Classique<\/a> :<\/h2>\n<p><img decoding=\"async\" src=\"http:\/\/www.iumkit.net\/\/portail\/wp-content\/uploads\/icons\/fleche.png\" alt=\"\"> Elle poss\u00e8de les m\u00eames options que la version Lite <em>(sauf les options BitLocker = elles seront prises en charges dans la prochaine version Classique).<br \/>\n<\/em>Les fonctions compl\u00e9mentaires : Cr\u00e9er ou restaurer des images disques, acc\u00e8s au r\u00e9seau et internet + montage de lecteur r\u00e9seau, prise en charge du son, possibilit\u00e9 de modifier la r\u00e9solution d&rsquo;affichage. Cette version peut aussi r\u00e9cup\u00e9rer la cl\u00e9 Wifi, des mots de passe enregistr\u00e9s.<br \/>\nElle int\u00e8gre aussi l&rsquo;outil MS-Dart \u00ab\u00a0vous permet de r\u00e9cup\u00e9rer les ordinateurs des utilisateurs finaux qui sont devenus inutilisables, de diagnostiquer les causes probables des probl\u00e8mes et de r\u00e9parer rapidement les ordinateurs non red\u00e9marr\u00e9s ou verrouill\u00e9s.\u00a0\u00bb<\/p>\n<p>&nbsp;<\/p>\n","protected":false},"excerpt":{"rendered":"<p>Live WinPE : D\u00e9pannage Windows Vous d\u00e9pannez souvent des ordinateurs sous Windows ? Vous pouvez faire des sauvegardes de vos disques, des captures Wim, r\u00e9parer le d\u00e9marrage de Windows, effacer le mot de passe de session Windows, r\u00e9cup\u00e9rer des donn\u00e9es et bien d&rsquo;autres encore. Depannium est la solution ! Plusieurs [&hellip;]<\/p>\n","protected":false},"author":1,"featured_media":0,"parent":0,"menu_order":0,"comment_status":"closed","ping_status":"closed","template":"","meta":{"ngg_post_thumbnail":0,"footnotes":""},"class_list":["post-2064","page","type-page","status-publish","hentry"],"yoast_head":"<!-- This site is optimized with the Yoast SEO plugin v26.7 - https:\/\/yoast.com\/wordpress\/plugins\/seo\/ -->\n<title>D\u00e9pannium Live CD &#8226; IumKit.net<\/title>\n<meta name=\"robots\" content=\"index, follow, max-snippet:-1, max-image-preview:large, max-video-preview:-1\" \/>\n<link rel=\"canonical\" href=\"https:\/\/www.iumkit.net\/portail\/depannium-live-cd-winpe\/\" \/>\n<meta property=\"og:locale\" content=\"fr_FR\" \/>\n<meta property=\"og:type\" content=\"article\" \/>\n<meta property=\"og:title\" content=\"D\u00e9pannium Live CD &#8226; IumKit.net\" \/>\n<meta property=\"og:description\" content=\"Live WinPE : D\u00e9pannage Windows Vous d\u00e9pannez souvent des ordinateurs sous Windows ? Vous pouvez faire des sauvegardes de vos disques, des captures Wim, r\u00e9parer le d\u00e9marrage de Windows, effacer le mot de passe de session Windows, r\u00e9cup\u00e9rer des donn\u00e9es et bien d&rsquo;autres encore. Depannium est la solution ! Plusieurs [&hellip;]\" \/>\n<meta property=\"og:url\" content=\"https:\/\/www.iumkit.net\/portail\/depannium-live-cd-winpe\/\" \/>\n<meta property=\"og:site_name\" content=\"IumKit.net\" \/>\n<meta property=\"article:modified_time\" content=\"2024-06-19T18:43:25+00:00\" \/>\n<meta property=\"og:image\" content=\"http:\/\/www.iumkit.net\/portail\/wp-content\/uploads\/icons\/usb.png\" \/>\n<meta name=\"twitter:card\" content=\"summary_large_image\" \/>\n<meta name=\"twitter:label1\" content=\"Dur\u00e9e de lecture estim\u00e9e\" \/>\n\t<meta name=\"twitter:data1\" content=\"2 minutes\" \/>\n<script type=\"application\/ld+json\" class=\"yoast-schema-graph\">{\"@context\":\"https:\/\/schema.org\",\"@graph\":[{\"@type\":\"WebPage\",\"@id\":\"https:\/\/www.iumkit.net\/portail\/depannium-live-cd-winpe\/\",\"url\":\"https:\/\/www.iumkit.net\/portail\/depannium-live-cd-winpe\/\",\"name\":\"D\u00e9pannium Live CD &#8226; IumKit.net\",\"isPartOf\":{\"@id\":\"https:\/\/www.iumkit.net\/portail\/#website\"},\"primaryImageOfPage\":{\"@id\":\"https:\/\/www.iumkit.net\/portail\/depannium-live-cd-winpe\/#primaryimage\"},\"image\":{\"@id\":\"https:\/\/www.iumkit.net\/portail\/depannium-live-cd-winpe\/#primaryimage\"},\"thumbnailUrl\":\"http:\/\/www.iumkit.net\/portail\/wp-content\/uploads\/icons\/usb.png\",\"datePublished\":\"2024-06-19T18:11:30+00:00\",\"dateModified\":\"2024-06-19T18:43:25+00:00\",\"breadcrumb\":{\"@id\":\"https:\/\/www.iumkit.net\/portail\/depannium-live-cd-winpe\/#breadcrumb\"},\"inLanguage\":\"fr-FR\",\"potentialAction\":[{\"@type\":\"ReadAction\",\"target\":[\"https:\/\/www.iumkit.net\/portail\/depannium-live-cd-winpe\/\"]}]},{\"@type\":\"ImageObject\",\"inLanguage\":\"fr-FR\",\"@id\":\"https:\/\/www.iumkit.net\/portail\/depannium-live-cd-winpe\/#primaryimage\",\"url\":\"http:\/\/www.iumkit.net\/portail\/wp-content\/uploads\/icons\/usb.png\",\"contentUrl\":\"http:\/\/www.iumkit.net\/portail\/wp-content\/uploads\/icons\/usb.png\"},{\"@type\":\"BreadcrumbList\",\"@id\":\"https:\/\/www.iumkit.net\/portail\/depannium-live-cd-winpe\/#breadcrumb\",\"itemListElement\":[{\"@type\":\"ListItem\",\"position\":1,\"name\":\"Accueil\",\"item\":\"https:\/\/www.iumkit.net\/portail\/\"},{\"@type\":\"ListItem\",\"position\":2,\"name\":\"D\u00e9pannium Live CD\"}]},{\"@type\":\"WebSite\",\"@id\":\"https:\/\/www.iumkit.net\/portail\/#website\",\"url\":\"https:\/\/www.iumkit.net\/portail\/\",\"name\":\"IumKit.net\",\"description\":\"Simplifiez-vous Windows\",\"publisher\":{\"@id\":\"https:\/\/www.iumkit.net\/portail\/#organization\"},\"potentialAction\":[{\"@type\":\"SearchAction\",\"target\":{\"@type\":\"EntryPoint\",\"urlTemplate\":\"https:\/\/www.iumkit.net\/portail\/?s={search_term_string}\"},\"query-input\":{\"@type\":\"PropertyValueSpecification\",\"valueRequired\":true,\"valueName\":\"search_term_string\"}}],\"inLanguage\":\"fr-FR\"},{\"@type\":\"Organization\",\"@id\":\"https:\/\/www.iumkit.net\/portail\/#organization\",\"name\":\"iumKit\",\"url\":\"https:\/\/www.iumkit.net\/portail\/\",\"logo\":{\"@type\":\"ImageObject\",\"inLanguage\":\"fr-FR\",\"@id\":\"https:\/\/www.iumkit.net\/portail\/#\/schema\/logo\/image\/\",\"url\":\"https:\/\/www.iumkit.net\/portail\/wp-content\/uploads\/2017\/03\/logo-iumkit-1.png\",\"contentUrl\":\"https:\/\/www.iumkit.net\/portail\/wp-content\/uploads\/2017\/03\/logo-iumkit-1.png\",\"width\":287,\"height\":83,\"caption\":\"iumKit\"},\"image\":{\"@id\":\"https:\/\/www.iumkit.net\/portail\/#\/schema\/logo\/image\/\"},\"sameAs\":[\"https:\/\/www.youtube.com\/user\/iumkitwindows\"]}]}<\/script>\n<!-- \/ Yoast SEO plugin. -->","yoast_head_json":{"title":"D\u00e9pannium Live CD &#8226; IumKit.net","robots":{"index":"index","follow":"follow","max-snippet":"max-snippet:-1","max-image-preview":"max-image-preview:large","max-video-preview":"max-video-preview:-1"},"canonical":"https:\/\/www.iumkit.net\/portail\/depannium-live-cd-winpe\/","og_locale":"fr_FR","og_type":"article","og_title":"D\u00e9pannium Live CD &#8226; IumKit.net","og_description":"Live WinPE : D\u00e9pannage Windows Vous d\u00e9pannez souvent des ordinateurs sous Windows ? Vous pouvez faire des sauvegardes de vos disques, des captures Wim, r\u00e9parer le d\u00e9marrage de Windows, effacer le mot de passe de session Windows, r\u00e9cup\u00e9rer des donn\u00e9es et bien d&rsquo;autres encore. Depannium est la solution ! Plusieurs [&hellip;]","og_url":"https:\/\/www.iumkit.net\/portail\/depannium-live-cd-winpe\/","og_site_name":"IumKit.net","article_modified_time":"2024-06-19T18:43:25+00:00","og_image":[{"url":"http:\/\/www.iumkit.net\/portail\/wp-content\/uploads\/icons\/usb.png","type":"","width":"","height":""}],"twitter_card":"summary_large_image","twitter_misc":{"Dur\u00e9e de lecture estim\u00e9e":"2 minutes"},"schema":{"@context":"https:\/\/schema.org","@graph":[{"@type":"WebPage","@id":"https:\/\/www.iumkit.net\/portail\/depannium-live-cd-winpe\/","url":"https:\/\/www.iumkit.net\/portail\/depannium-live-cd-winpe\/","name":"D\u00e9pannium Live CD &#8226; IumKit.net","isPartOf":{"@id":"https:\/\/www.iumkit.net\/portail\/#website"},"primaryImageOfPage":{"@id":"https:\/\/www.iumkit.net\/portail\/depannium-live-cd-winpe\/#primaryimage"},"image":{"@id":"https:\/\/www.iumkit.net\/portail\/depannium-live-cd-winpe\/#primaryimage"},"thumbnailUrl":"http:\/\/www.iumkit.net\/portail\/wp-content\/uploads\/icons\/usb.png","datePublished":"2024-06-19T18:11:30+00:00","dateModified":"2024-06-19T18:43:25+00:00","breadcrumb":{"@id":"https:\/\/www.iumkit.net\/portail\/depannium-live-cd-winpe\/#breadcrumb"},"inLanguage":"fr-FR","potentialAction":[{"@type":"ReadAction","target":["https:\/\/www.iumkit.net\/portail\/depannium-live-cd-winpe\/"]}]},{"@type":"ImageObject","inLanguage":"fr-FR","@id":"https:\/\/www.iumkit.net\/portail\/depannium-live-cd-winpe\/#primaryimage","url":"http:\/\/www.iumkit.net\/portail\/wp-content\/uploads\/icons\/usb.png","contentUrl":"http:\/\/www.iumkit.net\/portail\/wp-content\/uploads\/icons\/usb.png"},{"@type":"BreadcrumbList","@id":"https:\/\/www.iumkit.net\/portail\/depannium-live-cd-winpe\/#breadcrumb","itemListElement":[{"@type":"ListItem","position":1,"name":"Accueil","item":"https:\/\/www.iumkit.net\/portail\/"},{"@type":"ListItem","position":2,"name":"D\u00e9pannium Live CD"}]},{"@type":"WebSite","@id":"https:\/\/www.iumkit.net\/portail\/#website","url":"https:\/\/www.iumkit.net\/portail\/","name":"IumKit.net","description":"Simplifiez-vous Windows","publisher":{"@id":"https:\/\/www.iumkit.net\/portail\/#organization"},"potentialAction":[{"@type":"SearchAction","target":{"@type":"EntryPoint","urlTemplate":"https:\/\/www.iumkit.net\/portail\/?s={search_term_string}"},"query-input":{"@type":"PropertyValueSpecification","valueRequired":true,"valueName":"search_term_string"}}],"inLanguage":"fr-FR"},{"@type":"Organization","@id":"https:\/\/www.iumkit.net\/portail\/#organization","name":"iumKit","url":"https:\/\/www.iumkit.net\/portail\/","logo":{"@type":"ImageObject","inLanguage":"fr-FR","@id":"https:\/\/www.iumkit.net\/portail\/#\/schema\/logo\/image\/","url":"https:\/\/www.iumkit.net\/portail\/wp-content\/uploads\/2017\/03\/logo-iumkit-1.png","contentUrl":"https:\/\/www.iumkit.net\/portail\/wp-content\/uploads\/2017\/03\/logo-iumkit-1.png","width":287,"height":83,"caption":"iumKit"},"image":{"@id":"https:\/\/www.iumkit.net\/portail\/#\/schema\/logo\/image\/"},"sameAs":["https:\/\/www.youtube.com\/user\/iumkitwindows"]}]}},"_links":{"self":[{"href":"https:\/\/www.iumkit.net\/portail\/wp-json\/wp\/v2\/pages\/2064","targetHints":{"allow":["GET"]}}],"collection":[{"href":"https:\/\/www.iumkit.net\/portail\/wp-json\/wp\/v2\/pages"}],"about":[{"href":"https:\/\/www.iumkit.net\/portail\/wp-json\/wp\/v2\/types\/page"}],"author":[{"embeddable":true,"href":"https:\/\/www.iumkit.net\/portail\/wp-json\/wp\/v2\/users\/1"}],"replies":[{"embeddable":true,"href":"https:\/\/www.iumkit.net\/portail\/wp-json\/wp\/v2\/comments?post=2064"}],"version-history":[{"count":5,"href":"https:\/\/www.iumkit.net\/portail\/wp-json\/wp\/v2\/pages\/2064\/revisions"}],"predecessor-version":[{"id":2077,"href":"https:\/\/www.iumkit.net\/portail\/wp-json\/wp\/v2\/pages\/2064\/revisions\/2077"}],"wp:attachment":[{"href":"https:\/\/www.iumkit.net\/portail\/wp-json\/wp\/v2\/media?parent=2064"}],"curies":[{"name":"wp","href":"https:\/\/api.w.org\/{rel}","templated":true}]}}